{"id":3584,"date":"2024-10-19T18:24:50","date_gmt":"2024-10-19T18:24:50","guid":{"rendered":"https:\/\/sajoniacoffee.com\/?page_id=3584"},"modified":"2024-11-07T20:19:54","modified_gmt":"2024-11-07T20:19:54","slug":"portal","status":"publish","type":"page","link":"https:\/\/sajoniacoffee.com\/es\/portal\/","title":{"rendered":"Portal"},"content":{"rendered":"\t\t<div data-elementor-type=\"wp-page\" data-elementor-id=\"3584\" class=\"elementor elementor-3584\" data-elementor-post-type=\"page\">\n\t\t\t\t<div class=\"elementor-element elementor-element-5d5c165 e-flex e-con-boxed e-con e-parent\" data-id=\"5d5c165\" data-element_type=\"container\" data-settings=\"{&quot;background_background&quot;:&quot;classic&quot;}\">\n\t\t\t\t\t<div class=\"e-con-inner\">\n\t\t<div class=\"elementor-element elementor-element-9f84940 e-con-full e-flex e-con e-child\" data-id=\"9f84940\" data-element_type=\"container\">\n\t\t\t\t<div class=\"elementor-element elementor-element-1995abb elementor-widget__width-initial elementor-widget elementor-widget-image\" data-id=\"1995abb\" data-element_type=\"widget\" data-widget_type=\"image.default\">\n\t\t\t\t<div class=\"elementor-widget-container\">\n\t\t\t\t\t\t\t\t\t\t\t\t\t<img fetchpriority=\"high\" decoding=\"async\" width=\"446\" height=\"360\" src=\"https:\/\/sajoniacoffee.com\/wp-content\/uploads\/2024\/10\/trazahabilidad.png\" class=\"attachment-large size-large wp-image-3587\" alt=\"trazahabilidad\" srcset=\"https:\/\/sajoniacoffee.com\/wp-content\/uploads\/2024\/10\/trazahabilidad.png 446w, https:\/\/sajoniacoffee.com\/wp-content\/uploads\/2024\/10\/trazahabilidad-300x242.png 300w, https:\/\/sajoniacoffee.com\/wp-content\/uploads\/2024\/10\/trazahabilidad-15x12.png 15w, https:\/\/sajoniacoffee.com\/wp-content\/uploads\/2024\/10\/trazahabilidad-370x300.png 370w\" sizes=\"(max-width: 446px) 100vw, 446px\" \/>\t\t\t\t\t\t\t\t\t\t\t\t\t<\/div>\n\t\t\t\t<\/div>\n\t\t\t\t<div class=\"elementor-element elementor-element-cbc769a elementor-widget elementor-widget-text-editor\" data-id=\"cbc769a\" data-element_type=\"widget\" data-widget_type=\"text-editor.default\">\n\t\t\t\t<div class=\"elementor-widget-container\">\n\t\t\t\t\t\t\t<p>Nuestro Portal para Productores les permite visualizar los rendimientos de su caf\u00e9 en tiempo real desde el momento en que llega a nuestro beneficio. Esto les da la capacidad de medir sus rendimientos y tener una completa trazabilidad y transparencia en el proceso.<\/p><p>Para Sajonia, trabajar de manera verticalmente integrada comienza con una relaci\u00f3n directa con nuestros productores. Al forjar relaciones cercanas, elevamos juntos a toda la comunidad cafetalera. Nuestro compromiso es trabajar hombro a hombro para mejorar la calidad del caf\u00e9 y abrir puertas a nuevos y mejores mercados.<\/p>\t\t\t\t\t\t<\/div>\n\t\t\t\t<\/div>\n\t\t\t\t<\/div>\n\t\t<div class=\"elementor-element elementor-element-7e65e97 e-con-full e-flex e-con e-child\" data-id=\"7e65e97\" data-element_type=\"container\" data-settings=\"{&quot;background_background&quot;:&quot;classic&quot;}\">\n\t\t\t\t<div class=\"elementor-element elementor-element-3a0b422 elementor-widget elementor-widget-heading\" data-id=\"3a0b422\" data-element_type=\"widget\" data-widget_type=\"heading.default\">\n\t\t\t\t<div class=\"elementor-widget-container\">\n\t\t\t<h2 class=\"elementor-heading-title elementor-size-default\">Bienvenido<\/h2>\t\t<\/div>\n\t\t\t\t<\/div>\n\t\t\t\t<div class=\"elementor-element elementor-element-46932f2 elementor-widget elementor-widget-text-editor\" data-id=\"46932f2\" data-element_type=\"widget\" data-widget_type=\"text-editor.default\">\n\t\t\t\t<div class=\"elementor-widget-container\">\n\t\t\t\t\t\t\t<p>Le invitamos a explorar nuestro portal, donde encontrar\u00e1 toda la informaci\u00f3n relacionada con su caf\u00e9. Simplemente haga clic en el enlace a continuaci\u00f3n para acceder.<\/p>\t\t\t\t\t\t<\/div>\n\t\t\t\t<\/div>\n\t\t\t\t<div class=\"elementor-element elementor-element-a9b6e4f elementor-widget elementor-widget-button\" data-id=\"a9b6e4f\" data-element_type=\"widget\" data-widget_type=\"button.default\">\n\t\t\t\t<div class=\"elementor-widget-container\">\n\t\t\t\t\t<div class=\"elementor-button-wrapper\">\n\t\t\t<a class=\"elementor-button elementor-button-link elementor-size-sm\" href=\"http:\/\/bnf.sajoniacoffee.com\">\n\t\t\t\t\t\t<span class=\"elementor-button-content-wrapper\">\n\t\t\t\t\t\t\t\t\t<span class=\"elementor-button-text\">Ingresar<\/span>\n\t\t\t\t\t<\/span>\n\t\t\t\t\t<\/a>\n\t\t<\/div>\n\t\t\t\t<\/div>\n\t\t\t\t<\/div>\n\t\t\t\t<\/div>\n\t\t\t\t\t<\/div>\n\t\t\t\t<\/div>\n\t\t\t\t<\/div>\n\t\t\n    <div class=\"xs_social_share_widget xs_share_url after_content \t\tmain_content  wslu-style-1 wslu-share-box-shaped wslu-fill-colored wslu-none wslu-share-horizontal wslu-theme-font-no wslu-main_content\">\n\n\t\t\n        <ul>\n\t\t\t        <\/ul>\n    <\/div> \n","protected":false},"excerpt":{"rendered":"<p>Nuestro Portal para Productores les permite visualizar los rendimientos de su caf\u00e9 en tiempo real desde el momento en que llega a nuestro beneficio. Esto les da la capacidad de medir sus rendimientos y tener una completa trazabilidad y transparencia en el proceso. Para Sajonia, trabajar de manera verticalmente integrada<\/p>\n","protected":false},"author":1,"featured_media":0,"parent":0,"menu_order":0,"comment_status":"closed","ping_status":"closed","template":"elementor_header_footer","meta":{"inline_featured_image":false,"footnotes":""},"class_list":["post-3584","page","type-page","status-publish","hentry"],"_links":{"self":[{"href":"https:\/\/sajoniacoffee.com\/es\/wp-json\/wp\/v2\/pages\/3584"}],"collection":[{"href":"https:\/\/sajoniacoffee.com\/es\/wp-json\/wp\/v2\/pages"}],"about":[{"href":"https:\/\/sajoniacoffee.com\/es\/wp-json\/wp\/v2\/types\/page"}],"author":[{"embeddable":true,"href":"https:\/\/sajoniacoffee.com\/es\/wp-json\/wp\/v2\/users\/1"}],"replies":[{"embeddable":true,"href":"https:\/\/sajoniacoffee.com\/es\/wp-json\/wp\/v2\/comments?post=3584"}],"version-history":[{"count":28,"href":"https:\/\/sajoniacoffee.com\/es\/wp-json\/wp\/v2\/pages\/3584\/revisions"}],"predecessor-version":[{"id":3930,"href":"https:\/\/sajoniacoffee.com\/es\/wp-json\/wp\/v2\/pages\/3584\/revisions\/3930"}],"wp:attachment":[{"href":"https:\/\/sajoniacoffee.com\/es\/wp-json\/wp\/v2\/media?parent=3584"}],"curies":[{"name":"wp","href":"https:\/\/api.w.org\/{rel}","templated":true}]}}