{"id":3246,"date":"2024-10-18T00:20:27","date_gmt":"2024-10-18T00:20:27","guid":{"rendered":"https:\/\/sajoniacoffee.com\/?page_id=3246"},"modified":"2024-11-04T22:07:42","modified_gmt":"2024-11-04T22:07:42","slug":"our-products","status":"publish","type":"page","link":"https:\/\/sajoniacoffee.com\/es\/our-products\/","title":{"rendered":"Our Products"},"content":{"rendered":"\t\t<div data-elementor-type=\"wp-page\" data-elementor-id=\"3246\" class=\"elementor elementor-3246\" data-elementor-post-type=\"page\">\n\t\t\t\t<div class=\"elementor-element elementor-element-bffd9c1 e-flex e-con-boxed e-con e-parent\" data-id=\"bffd9c1\" data-element_type=\"container\" data-settings=\"{&quot;background_background&quot;:&quot;classic&quot;}\">\n\t\t\t\t\t<div class=\"e-con-inner\">\n\t\t\t\t<div class=\"elementor-element elementor-element-f5c506b animated-fast elementor-invisible elementor-widget elementor-widget-heading\" data-id=\"f5c506b\" data-element_type=\"widget\" data-settings=\"{&quot;_animation&quot;:&quot;fadeInUp&quot;}\" data-widget_type=\"heading.default\">\n\t\t\t\t<div class=\"elementor-widget-container\">\n\t\t\t<h2 class=\"elementor-heading-title elementor-size-default\">nuestros productos<\/h2>\t\t<\/div>\n\t\t\t\t<\/div>\n\t\t\t\t\t<\/div>\n\t\t\t\t<\/div>\n\t\t<div class=\"elementor-element elementor-element-c1bb8e2 e-flex e-con-boxed e-con e-parent\" data-id=\"c1bb8e2\" data-element_type=\"container\">\n\t\t\t\t\t<div class=\"e-con-inner\">\n\t\t<div class=\"elementor-element elementor-element-0ba5009 e-con-full e-flex e-con e-child\" data-id=\"0ba5009\" data-element_type=\"container\">\n\t\t\t\t<div class=\"elementor-element elementor-element-51ebd8b elementor-absolute elementor-widget elementor-widget-image\" data-id=\"51ebd8b\" data-element_type=\"widget\" data-settings=\"{&quot;_position&quot;:&quot;absolute&quot;}\" data-widget_type=\"image.default\">\n\t\t\t\t<div class=\"elementor-widget-container\">\n\t\t\t\t\t\t\t\t\t\t\t\t\t<img fetchpriority=\"high\" decoding=\"async\" width=\"488\" height=\"544\" src=\"https:\/\/sajoniacoffee.com\/wp-content\/uploads\/2024\/10\/cafe-svg-icon.svg\" class=\"attachment-large size-large wp-image-3254\" alt=\"\" \/>\t\t\t\t\t\t\t\t\t\t\t\t\t<\/div>\n\t\t\t\t<\/div>\n\t\t\t\t<div class=\"elementor-element elementor-element-3b2869e elementor-widget elementor-widget-image\" data-id=\"3b2869e\" data-element_type=\"widget\" data-widget_type=\"image.default\">\n\t\t\t\t<div class=\"elementor-widget-container\">\n\t\t\t\t\t\t\t\t\t\t\t\t\t<img decoding=\"async\" width=\"678\" height=\"777\" src=\"https:\/\/sajoniacoffee.com\/wp-content\/uploads\/2024\/10\/Cafe-rojo-1.png\" class=\"attachment-large size-large wp-image-3253\" alt=\"Cafe rojo 1\" srcset=\"https:\/\/sajoniacoffee.com\/wp-content\/uploads\/2024\/10\/Cafe-rojo-1.png 678w, https:\/\/sajoniacoffee.com\/wp-content\/uploads\/2024\/10\/Cafe-rojo-1-262x300.png 262w\" sizes=\"(max-width: 678px) 100vw, 678px\" \/>\t\t\t\t\t\t\t\t\t\t\t\t\t<\/div>\n\t\t\t\t<\/div>\n\t\t\t\t<\/div>\n\t\t<div class=\"elementor-element elementor-element-242aa82 e-con-full e-flex e-con e-child\" data-id=\"242aa82\" data-element_type=\"container\">\n\t\t\t\t<div class=\"elementor-element elementor-element-75f650d elementor-widget elementor-widget-heading\" data-id=\"75f650d\" data-element_type=\"widget\" data-widget_type=\"heading.default\">\n\t\t\t\t<div class=\"elementor-widget-container\">\n\t\t\t<h2 class=\"elementor-heading-title elementor-size-default\">Caf\u00e9 de origen \u00fanico.\nDescubre la excelencia<\/h2>\t\t<\/div>\n\t\t\t\t<\/div>\n\t\t\t\t<div class=\"elementor-element elementor-element-06bef88 elementor-widget elementor-widget-text-editor\" data-id=\"06bef88\" data-element_type=\"widget\" data-widget_type=\"text-editor.default\">\n\t\t\t\t<div class=\"elementor-widget-container\">\n\t\t\t\t\t\t\t<span>del caf\u00e9 nicarag\u00fcense<\/span>\t\t\t\t\t\t<\/div>\n\t\t\t\t<\/div>\n\t\t\t\t<div class=\"elementor-element elementor-element-f0b98fd elementor-widget elementor-widget-text-editor\" data-id=\"f0b98fd\" data-element_type=\"widget\" data-widget_type=\"text-editor.default\">\n\t\t\t\t<div class=\"elementor-widget-container\">\n\t\t\t\t\t\t\t<p>Nicaragua es reconocida por producir caf\u00e9s de calidad a nivel mundial, y en Sajonia nos enorgullece trabajar con productores que se esfuerzan por cosechar granos de caf\u00e9 de alta calidad que han sido reconocidos internacionalmente por su dedicaci\u00f3n para ofrecer las mejores tazas.<\/p><p>Los sabores \u00fanicos de nuestro caf\u00e9 son posibles gracias al legado familiar de generaciones de caficultores combinado con la implementaci\u00f3n de nuevos conocimientos que aseguran una calidad excepcional en cada etapa. De la finca hasta la taza, creemos en cosechar conexiones donde se fomente un intercambio constante de ideas para mejorar juntos.<\/p>\t\t\t\t\t\t<\/div>\n\t\t\t\t<\/div>\n\t\t\t\t<\/div>\n\t\t\t\t\t<\/div>\n\t\t\t\t<\/div>\n\t\t<div class=\"elementor-element elementor-element-f1c9003 e-flex e-con-boxed e-con e-parent\" data-id=\"f1c9003\" data-element_type=\"container\">\n\t\t\t\t\t<div class=\"e-con-inner\">\n\t\t<div class=\"elementor-element elementor-element-2568667 e-con-full e-flex e-con e-child\" data-id=\"2568667\" data-element_type=\"container\" data-settings=\"{&quot;background_background&quot;:&quot;classic&quot;}\">\n\t\t<div class=\"elementor-element elementor-element-43625d8 e-grid e-con-full e-con e-child\" data-id=\"43625d8\" data-element_type=\"container\">\n\t\t<div class=\"elementor-element elementor-element-4c67c38 e-con-full e-flex e-con e-child\" data-id=\"4c67c38\" data-element_type=\"container\">\n\t\t\t\t<div class=\"elementor-element elementor-element-7d9a294 elementor-widget elementor-widget-heading\" data-id=\"7d9a294\" data-element_type=\"widget\" data-widget_type=\"heading.default\">\n\t\t\t\t<div class=\"elementor-widget-container\">\n\t\t\t<h2 class=\"elementor-heading-title elementor-size-default\">Caf\u00e9s Especiales<\/h2>\t\t<\/div>\n\t\t\t\t<\/div>\n\t\t\t\t<div class=\"elementor-element elementor-element-cc320c1 elementor-widget elementor-widget-text-editor\" data-id=\"cc320c1\" data-element_type=\"widget\" data-widget_type=\"text-editor.default\">\n\t\t\t\t<div class=\"elementor-widget-container\">\n\t\t\t\t\t\t\t<p>Descubre nuestra oferta exclusiva de caf\u00e9s especiales de origen \u00fanico, seleccionados meticulosamente desde su producci\u00f3n hasta su procesamiento con m\u00e9todos como naturales, lavados, honey, anaer\u00f3bicos y otros tipos de procesos, para lograr los atributos espec\u00edficos que buscan nuestros clientes.<\/p><p>Nuestros granos de caf\u00e9 ofrecen perfiles de sabor distintivos y excepcionales, resultado de un proceso cuidadoso y de un intercambio constante de conocimientos. Sum\u00e9rgete en una experiencia sensorial \u00fanica con nuestra selecci\u00f3n de caf\u00e9s especiales, donde la calidad y la pasi\u00f3n se fusionan para ofrecerte lo mejor en cada taza.<\/p>\t\t\t\t\t\t<\/div>\n\t\t\t\t<\/div>\n\t\t\t\t<\/div>\n\t\t\t\t<\/div>\n\t\t\t\t<\/div>\n\t\t\t\t\t<\/div>\n\t\t\t\t<\/div>\n\t\t<div class=\"elementor-element elementor-element-48679d6 e-flex e-con-boxed e-con e-parent\" data-id=\"48679d6\" data-element_type=\"container\">\n\t\t\t\t\t<div class=\"e-con-inner\">\n\t\t<div class=\"elementor-element elementor-element-df06d8f e-con-full e-flex e-con e-child\" data-id=\"df06d8f\" data-element_type=\"container\" data-settings=\"{&quot;background_background&quot;:&quot;classic&quot;}\">\n\t\t\t\t<div class=\"elementor-element elementor-element-ec2277c elementor-widget elementor-widget-heading\" data-id=\"ec2277c\" data-element_type=\"widget\" data-widget_type=\"heading.default\">\n\t\t\t\t<div class=\"elementor-widget-container\">\n\t\t\t<h2 class=\"elementor-heading-title elementor-size-default\">Fincas \u00danicas<\/br> y Mezclas<\/h2>\t\t<\/div>\n\t\t\t\t<\/div>\n\t\t\t\t<div class=\"elementor-element elementor-element-4262772 elementor-widget elementor-widget-text-editor\" data-id=\"4262772\" data-element_type=\"widget\" data-widget_type=\"text-editor.default\">\n\t\t\t\t<div class=\"elementor-widget-container\">\n\t\t\t\t\t\t\t<p>Ofrecemos una amplia variedad de caf\u00e9s, desde opciones de fincas \u00fanicas que ofrecen una trazabilidad completa hasta mezclas personalizadas dise\u00f1adas para satisfacer los requisitos espec\u00edficos de nuestros clientes.<\/p>\t\t\t\t\t\t<\/div>\n\t\t\t\t<\/div>\n\t\t\t\t<\/div>\n\t\t<div class=\"elementor-element elementor-element-64334fe e-con-full e-flex e-con e-child\" data-id=\"64334fe\" data-element_type=\"container\" data-settings=\"{&quot;background_background&quot;:&quot;classic&quot;}\">\n\t\t\t\t<div class=\"elementor-element elementor-element-f7c6c31 elementor-widget elementor-widget-heading\" data-id=\"f7c6c31\" data-element_type=\"widget\" data-widget_type=\"heading.default\">\n\t\t\t\t<div class=\"elementor-widget-container\">\n\t\t\t<h2 class=\"elementor-heading-title elementor-size-default\">Caf\u00e9 Tostado<\/h2>\t\t<\/div>\n\t\t\t\t<\/div>\n\t\t\t\t<div class=\"elementor-element elementor-element-e3b9ec2 elementor-widget elementor-widget-text-editor\" data-id=\"e3b9ec2\" data-element_type=\"widget\" data-widget_type=\"text-editor.default\">\n\t\t\t\t<div class=\"elementor-widget-container\">\n\t\t\t\t\t\t\t<p>Contamos con nuestras propias marcas de caf\u00e9 tostado en Nicaragua, las cuales distribuimos en una de las cadenas m\u00e1s grandes de supermercados del pa\u00eds. Grand Caf\u00e9 es nuestro producto estrella, siendo uno de los caf\u00e9s comerciales con mayor puntuaci\u00f3n de taza ofertados a nivel local. Asimismo Sajonia tiene la capacidad de proveer caf\u00e9 tostado en mercados internacionales seg\u00fan los par\u00e1metros de calidad y tueste, requeridos por el cliente.<\/p>\t\t\t\t\t\t<\/div>\n\t\t\t\t<\/div>\n\t\t\t\t<\/div>\n\t\t\t\t\t<\/div>\n\t\t\t\t<\/div>\n\t\t<div class=\"elementor-element elementor-element-f57673b e-flex e-con-boxed e-con e-parent\" data-id=\"f57673b\" data-element_type=\"container\" data-settings=\"{&quot;background_background&quot;:&quot;classic&quot;}\">\n\t\t\t\t\t<div class=\"e-con-inner\">\n\t\t\t\t<div class=\"elementor-element elementor-element-3821b0f elementor-widget elementor-widget-heading\" data-id=\"3821b0f\" data-element_type=\"widget\" data-widget_type=\"heading.default\">\n\t\t\t\t<div class=\"elementor-widget-container\">\n\t\t\t<h2 class=\"elementor-heading-title elementor-size-default\">Campesinos <\/br>Coffee Collection<\/h2>\t\t<\/div>\n\t\t\t\t<\/div>\n\t\t\t\t<div class=\"elementor-element elementor-element-fa43f93 elementor-widget__width-initial elementor-widget elementor-widget-text-editor\" data-id=\"fa43f93\" data-element_type=\"widget\" data-widget_type=\"text-editor.default\">\n\t\t\t\t<div class=\"elementor-widget-container\">\n\t\t\t\t\t\t\t<span>Caf\u00e9 de peque\u00f1os productores de regiones con perfiles de taza exquisitos.<\/span>\t\t\t\t\t\t<\/div>\n\t\t\t\t<\/div>\n\t\t\t\t\t<\/div>\n\t\t\t\t<\/div>\n\t\t<div class=\"elementor-element elementor-element-d705f62 e-flex e-con-boxed e-con e-parent\" data-id=\"d705f62\" data-element_type=\"container\">\n\t\t\t\t\t<div class=\"e-con-inner\">\n\t\t<div class=\"elementor-element elementor-element-95b658a e-grid e-con-full e-con e-child\" data-id=\"95b658a\" data-element_type=\"container\" data-settings=\"{&quot;background_background&quot;:&quot;classic&quot;}\">\n\t\t<div class=\"elementor-element elementor-element-8cd1a19 e-con-full e-flex e-con e-child\" data-id=\"8cd1a19\" data-element_type=\"container\">\n\t\t\t\t<div class=\"elementor-element elementor-element-539e84b elementor-widget elementor-widget-text-editor\" data-id=\"539e84b\" data-element_type=\"widget\" data-widget_type=\"text-editor.default\">\n\t\t\t\t<div class=\"elementor-widget-container\">\n\t\t\t\t\t\t\t<p>Campesinos Coffee Collection es una iniciativa que naci\u00f3 con el prop\u00f3sito de promover el caf\u00e9 de peque\u00f1os productores provenientes de regiones con perfiles de taza \u00fanicos. Nuestro objetivo es llevar estos caf\u00e9s a mercados especializados, garantizando que los productores reciban mejores precios y se beneficien de los servicios que Sajonia ofrece para fomentar una producci\u00f3n sostenible.<\/p>\t\t\t\t\t\t<\/div>\n\t\t\t\t<\/div>\n\t\t\t\t<\/div>\n\t\t<div class=\"elementor-element elementor-element-c4daa2e e-con-full e-flex e-con e-child\" data-id=\"c4daa2e\" data-element_type=\"container\">\n\t\t\t\t<div class=\"elementor-element elementor-element-8f028fe elementor-widget elementor-widget-text-editor\" data-id=\"8f028fe\" data-element_type=\"widget\" data-widget_type=\"text-editor.default\">\n\t\t\t\t<div class=\"elementor-widget-container\">\n\t\t\t\t\t\t\t<p>Actualmente trabajamos con cinco regiones de caf\u00e9s excepcionales: <strong>Macizo de Pe\u00f1as Blancas, Cerro El Arenal, Cerro Datanl\u00ed El Diablo, Cerro de Yal\u00ed y Cerro de Kilamb\u00e9<\/strong>. Al apoyar a las familias productoras en estas regiones, promovemos una producci\u00f3n ambientalmente sostenible y mejoramos sus ingresos. De este modo, estamos consolidando sus sistemas de producci\u00f3n y contribuyendo a la conservaci\u00f3n de estos ecosistemas y \u00e1reas de reservas naturales.<\/p>\t\t\t\t\t\t<\/div>\n\t\t\t\t<\/div>\n\t\t\t\t<\/div>\n\t\t\t\t<\/div>\n\t\t\t\t\t<\/div>\n\t\t\t\t<\/div>\n\t\t<div class=\"elementor-element elementor-element-60dfd20 e-flex e-con-boxed e-con e-parent\" data-id=\"60dfd20\" data-element_type=\"container\" data-settings=\"{&quot;background_background&quot;:&quot;classic&quot;}\">\n\t\t\t\t\t<div class=\"e-con-inner\">\n\t\t\t\t\t<\/div>\n\t\t\t\t<\/div>\n\t\t<div class=\"elementor-element elementor-element-b299ac6 e-flex e-con-boxed e-con e-parent\" data-id=\"b299ac6\" data-element_type=\"container\">\n\t\t\t\t\t<div class=\"e-con-inner\">\n\t\t<div class=\"elementor-element elementor-element-726ee32 e-con-full e-flex e-con e-child\" data-id=\"726ee32\" data-element_type=\"container\">\n\t\t\t\t<div class=\"elementor-element elementor-element-f89016e elementor-widget elementor-widget-heading\" data-id=\"f89016e\" data-element_type=\"widget\" data-widget_type=\"heading.default\">\n\t\t\t\t<div class=\"elementor-widget-container\">\n\t\t\t<h2 class=\"elementor-heading-title elementor-size-default\">Fincas Coffee Collection<\/h2>\t\t<\/div>\n\t\t\t\t<\/div>\n\t\t\t\t<div class=\"elementor-element elementor-element-ca9f0c7 elementor-widget elementor-widget-text-editor\" data-id=\"ca9f0c7\" data-element_type=\"widget\" data-widget_type=\"text-editor.default\">\n\t\t\t\t<div class=\"elementor-widget-container\">\n\t\t\t\t\t\t\t<p>Fincas Coffee Collection es una iniciativa que identifica fincas con potencial de producir caf\u00e9s especiales por estar ubicadas en zonas de altura y clima \u00f3ptimo, adem\u00e1s de tener las variedades y capacidades log\u00edsticas para el correcto procesamiento y traslado de su caf\u00e9.\u00a0<\/p><p>Los productores seleccionados, junto con el personal de sus fincas, reciben capacitaci\u00f3n en el manejo de caf\u00e9s de calidad antes y despu\u00e9s de la cosecha. Se les ense\u00f1a a aplicar buenas pr\u00e1cticas agr\u00edcolas, incluyendo sistemas agroforestales y agricultura regenerativa.<\/p><p>Adem\u00e1s, las fincas participantes en ambos programas reciben apoyo para difundir informaci\u00f3n sobre sus operaciones, la trazabilidad del caf\u00e9 y las incre\u00edbles historias detr\u00e1s de quienes hacen posible el cultivo de estos caf\u00e9s excepcionales.<\/p>\t\t\t\t\t\t<\/div>\n\t\t\t\t<\/div>\n\t\t\t\t<\/div>\n\t\t<div class=\"elementor-element elementor-element-f1bee20 e-con-full e-flex e-con e-child\" data-id=\"f1bee20\" data-element_type=\"container\" data-settings=\"{&quot;background_background&quot;:&quot;classic&quot;}\">\n\t\t\t\t<\/div>\n\t\t\t\t\t<\/div>\n\t\t\t\t<\/div>\n\t\t\t\t<\/div>\n\t\t\n    <div class=\"xs_social_share_widget xs_share_url after_content \t\tmain_content  wslu-style-1 wslu-share-box-shaped wslu-fill-colored wslu-none wslu-share-horizontal wslu-theme-font-no wslu-main_content\">\n\n\t\t\n        <ul>\n\t\t\t        <\/ul>\n    <\/div> \n","protected":false},"excerpt":{"rendered":"<p>nuestros productos Caf\u00e9 de origen \u00fanico. Descubre la excelencia del caf\u00e9 nicarag\u00fcense Nicaragua es reconocida por producir caf\u00e9s de calidad a nivel mundial, y en Sajonia nos enorgullece trabajar con productores que se esfuerzan por cosechar granos de caf\u00e9 de alta calidad que han sido reconocidos internacionalmente por su dedicaci\u00f3n<\/p>\n","protected":false},"author":1,"featured_media":0,"parent":0,"menu_order":0,"comment_status":"closed","ping_status":"closed","template":"elementor_header_footer","meta":{"inline_featured_image":false,"footnotes":""},"class_list":["post-3246","page","type-page","status-publish","hentry"],"_links":{"self":[{"href":"https:\/\/sajoniacoffee.com\/es\/wp-json\/wp\/v2\/pages\/3246"}],"collection":[{"href":"https:\/\/sajoniacoffee.com\/es\/wp-json\/wp\/v2\/pages"}],"about":[{"href":"https:\/\/sajoniacoffee.com\/es\/wp-json\/wp\/v2\/types\/page"}],"author":[{"embeddable":true,"href":"https:\/\/sajoniacoffee.com\/es\/wp-json\/wp\/v2\/users\/1"}],"replies":[{"embeddable":true,"href":"https:\/\/sajoniacoffee.com\/es\/wp-json\/wp\/v2\/comments?post=3246"}],"version-history":[{"count":94,"href":"https:\/\/sajoniacoffee.com\/es\/wp-json\/wp\/v2\/pages\/3246\/revisions"}],"predecessor-version":[{"id":3917,"href":"https:\/\/sajoniacoffee.com\/es\/wp-json\/wp\/v2\/pages\/3246\/revisions\/3917"}],"wp:attachment":[{"href":"https:\/\/sajoniacoffee.com\/es\/wp-json\/wp\/v2\/media?parent=3246"}],"curies":[{"name":"wp","href":"https:\/\/api.w.org\/{rel}","templated":true}]}}