{"id":3328,"date":"2024-10-18T03:23:22","date_gmt":"2024-10-18T03:23:22","guid":{"rendered":"https:\/\/sajoniacoffee.com\/?page_id=3328"},"modified":"2024-10-23T03:26:39","modified_gmt":"2024-10-23T03:26:39","slug":"our-services","status":"publish","type":"page","link":"https:\/\/sajoniacoffee.com\/en\/our-services\/","title":{"rendered":"Our Services"},"content":{"rendered":"<div data-elementor-type=\"wp-page\" data-elementor-id=\"3328\" class=\"elementor elementor-3328\" data-elementor-post-type=\"page\">\n\t\t\t\t<div class=\"elementor-element elementor-element-baf4b00 e-flex e-con-boxed e-con e-parent\" data-id=\"baf4b00\" data-element_type=\"container\" data-settings=\"{&quot;background_background&quot;:&quot;classic&quot;}\">\n\t\t\t\t\t<div class=\"e-con-inner\">\n\t\t\t\t<div class=\"elementor-element elementor-element-b1cce23 animated-fast elementor-invisible elementor-widget elementor-widget-heading\" data-id=\"b1cce23\" data-element_type=\"widget\" data-settings=\"{&quot;_animation&quot;:&quot;fadeInUp&quot;}\" data-widget_type=\"heading.default\">\n\t\t\t\t<div class=\"elementor-widget-container\">\n\t\t\t<h2 class=\"elementor-heading-title elementor-size-default\">OUR SERVICES<\/h2>\t\t<\/div>\n\t\t\t\t<\/div>\n\t\t\t\t\t<\/div>\n\t\t\t\t<\/div>\n\t\t<div class=\"elementor-element elementor-element-b6c4e45 e-flex e-con-boxed e-con e-parent\" data-id=\"b6c4e45\" data-element_type=\"container\" data-settings=\"{&quot;background_background&quot;:&quot;classic&quot;}\">\n\t\t\t\t\t<div class=\"e-con-inner\">\n\t\t\t\t\t<\/div>\n\t\t\t\t<\/div>\n\t\t<div class=\"elementor-element elementor-element-8d28490 e-flex e-con-boxed e-con e-parent\" data-id=\"8d28490\" data-element_type=\"container\">\n\t\t\t\t\t<div class=\"e-con-inner\">\n\t\t<div class=\"elementor-element elementor-element-f57fae5 e-con-full e-flex e-con e-child\" data-id=\"f57fae5\" data-element_type=\"container\" data-settings=\"{&quot;background_background&quot;:&quot;classic&quot;}\">\n\t\t<div class=\"elementor-element elementor-element-9312e28 e-grid e-con-full e-con e-child\" data-id=\"9312e28\" data-element_type=\"container\">\n\t\t<div class=\"elementor-element elementor-element-b591ab6 e-con-full e-flex e-con e-child\" data-id=\"b591ab6\" data-element_type=\"container\">\n\t\t\t\t<div class=\"elementor-element elementor-element-91cbd9b elementor-invisible elementor-widget elementor-widget-image\" data-id=\"91cbd9b\" data-element_type=\"widget\" data-settings=\"{&quot;_animation&quot;:&quot;fadeInUp&quot;}\" data-widget_type=\"image.default\">\n\t\t\t\t<div class=\"elementor-widget-container\">\n\t\t\t\t\t\t\t\t\t\t\t\t\t<img decoding=\"async\" width=\"192\" height=\"133\" src=\"https:\/\/sajoniacoffee.com\/wp-content\/uploads\/2024\/10\/cafe-services.svg\" class=\"attachment-large size-large wp-image-3333\" alt=\"cafe-services\" \/>\t\t\t\t\t\t\t\t\t\t\t\t\t<\/div>\n\t\t\t\t<\/div>\n\t\t\t\t<div class=\"elementor-element elementor-element-57bbd8b elementor-widget elementor-widget-heading\" data-id=\"57bbd8b\" data-element_type=\"widget\" data-widget_type=\"heading.default\">\n\t\t\t\t<div class=\"elementor-widget-container\">\n\t\t\t<h2 class=\"elementor-heading-title elementor-size-default\">Our Coffee Collections<\/h2>\t\t<\/div>\n\t\t\t\t<\/div>\n\t\t\t\t<div class=\"elementor-element elementor-element-64c8fc4 elementor-widget elementor-widget-text-editor\" data-id=\"64c8fc4\" data-element_type=\"widget\" data-widget_type=\"text-editor.default\">\n\t\t\t\t<div class=\"elementor-widget-container\">\n\t\t\t\t\t\t\t<p>Our state-of-the-art milling facility ensures that beans undergo a meticulous process of drying, sorting, and quality contro<\/p><p>We offer value-added services including detailed process analysis to maintain consistent quality.\u00a0<\/p>\t\t\t\t\t\t<\/div>\n\t\t\t\t<\/div>\n\t\t\t\t<\/div>\n\t\t<div class=\"elementor-element elementor-element-bd2d7de e-con-full e-flex e-con e-child\" data-id=\"bd2d7de\" data-element_type=\"container\" data-settings=\"{&quot;background_background&quot;:&quot;classic&quot;}\">\n\t\t\t\t<div class=\"elementor-element elementor-element-68199ca align-right align--tabletleft elementor-widget elementor-widget-mae-video-icon\" data-id=\"68199ca\" data-element_type=\"widget\" data-widget_type=\"mae-video-icon.default\">\n\t\t\t\t<div class=\"elementor-widget-container\">\n\t\t\t\t\t<div class=\"master-video-icon\">\n\t\t\t<div class=\"btn-inner\">\n\t\t        <a aria-label=\"video\" class=\"btn-play popup-video elementor-animation-pulse-shrink\" \n\t\t        \t\t        href=\"https:\/\/vimeo.com\/1021123058?share=copy\">\n\t\t        \t<i class=\"ci-play-button\"><\/i>\n\n\t\t        \t\t\t        \t<span class=\"p p1\"><\/span>\n\t\t\t\t\t<span class=\"p p2\"><\/span>\n\t\t\t\t\t\t\t        <\/a>\n\t        <\/div>\n\t        \t    <\/div>\n\t    \t\t<\/div>\n\t\t\t\t<\/div>\n\t\t\t\t<\/div>\n\t\t\t\t<\/div>\n\t\t<div class=\"elementor-element elementor-element-c1e27a2 e-grid e-con-full e-con e-child\" data-id=\"c1e27a2\" data-element_type=\"container\">\n\t\t<div class=\"elementor-element elementor-element-93b979f e-con-full e-flex e-con e-child\" data-id=\"93b979f\" data-element_type=\"container\">\n\t\t\t\t<div class=\"elementor-element elementor-element-c4976d2 elementor-invisible elementor-widget elementor-widget-image\" data-id=\"c4976d2\" data-element_type=\"widget\" data-settings=\"{&quot;_animation&quot;:&quot;fadeInUp&quot;}\" data-widget_type=\"image.default\">\n\t\t\t\t<div class=\"elementor-widget-container\">\n\t\t\t\t\t\t\t\t\t\t\t\t\t<img decoding=\"async\" width=\"174\" height=\"148\" src=\"https:\/\/sajoniacoffee.com\/wp-content\/uploads\/2024\/10\/cafe-saco-services.svg\" class=\"attachment-large size-large wp-image-3332\" alt=\"cafe-saco-services\" \/>\t\t\t\t\t\t\t\t\t\t\t\t\t<\/div>\n\t\t\t\t<\/div>\n\t\t\t\t<div class=\"elementor-element elementor-element-5492b60 elementor-widget elementor-widget-heading\" data-id=\"5492b60\" data-element_type=\"widget\" data-widget_type=\"heading.default\">\n\t\t\t\t<div class=\"elementor-widget-container\">\n\t\t\t<h2 class=\"elementor-heading-title elementor-size-default\">Export<\/h2>\t\t<\/div>\n\t\t\t\t<\/div>\n\t\t\t\t<div class=\"elementor-element elementor-element-8eb3c43 elementor-widget elementor-widget-text-editor\" data-id=\"8eb3c43\" data-element_type=\"widget\" data-widget_type=\"text-editor.default\">\n\t\t\t\t<div class=\"elementor-widget-container\">\n\t\t\t\t\t\t\t<p>Sajonia is committed to delivering the finest coffee beans globally, with consistent quality from our facility to your cup. We ensure that each cup brewed reflects the unique characteristics of its origin.<\/p>\t\t\t\t\t\t<\/div>\n\t\t\t\t<\/div>\n\t\t\t\t<\/div>\n\t\t<div class=\"elementor-element elementor-element-7bfb23f e-con-full e-flex e-con e-child\" data-id=\"7bfb23f\" data-element_type=\"container\">\n\t\t\t\t<div class=\"elementor-element elementor-element-70aba26 elementor-invisible elementor-widget elementor-widget-image\" data-id=\"70aba26\" data-element_type=\"widget\" data-settings=\"{&quot;_animation&quot;:&quot;fadeInUp&quot;}\" data-widget_type=\"image.default\">\n\t\t\t\t<div class=\"elementor-widget-container\">\n\t\t\t\t\t\t\t\t\t\t\t\t\t<img decoding=\"async\" width=\"152\" height=\"152\" src=\"https:\/\/sajoniacoffee.com\/wp-content\/uploads\/2024\/10\/cafe-empaque-services.svg\" class=\"attachment-large size-large wp-image-3331\" alt=\"cafe-empaque-services\" \/>\t\t\t\t\t\t\t\t\t\t\t\t\t<\/div>\n\t\t\t\t<\/div>\n\t\t\t\t<div class=\"elementor-element elementor-element-8656cb1 elementor-widget elementor-widget-heading\" data-id=\"8656cb1\" data-element_type=\"widget\" data-widget_type=\"heading.default\">\n\t\t\t\t<div class=\"elementor-widget-container\">\n\t\t\t<h2 class=\"elementor-heading-title elementor-size-default\">Private Labels<\/h2>\t\t<\/div>\n\t\t\t\t<\/div>\n\t\t\t\t<div class=\"elementor-element elementor-element-2d15bbb elementor-widget elementor-widget-text-editor\" data-id=\"2d15bbb\" data-element_type=\"widget\" data-widget_type=\"text-editor.default\">\n\t\t\t\t<div class=\"elementor-widget-container\">\n\t\t\t\t\t\t\t<p>We collaborate with you to craft bespoke coffee blends that align perfectly with your needs. By connecting you directly with our producers, we ensure exceptional quality and a seamless, personalized experience from start to finish.\u00a0<\/p>\t\t\t\t\t\t<\/div>\n\t\t\t\t<\/div>\n\t\t\t\t<\/div>\n\t\t\t\t<\/div>\n\t\t<div class=\"elementor-element elementor-element-5688dcb e-grid e-con-full e-con e-child\" data-id=\"5688dcb\" data-element_type=\"container\">\n\t\t<div class=\"elementor-element elementor-element-567ae89 e-con-full e-flex elementor-invisible e-con e-child\" data-id=\"567ae89\" data-element_type=\"container\" data-settings=\"{&quot;background_background&quot;:&quot;classic&quot;,&quot;animation&quot;:&quot;fadeInUp&quot;}\">\n\t\t\t\t<\/div>\n\t\t<div class=\"elementor-element elementor-element-c3d3f07 e-con-full e-flex elementor-invisible e-con e-child\" data-id=\"c3d3f07\" data-element_type=\"container\" data-settings=\"{&quot;background_background&quot;:&quot;classic&quot;,&quot;animation&quot;:&quot;fadeInUp&quot;}\">\n\t\t\t\t<\/div>\n\t\t\t\t<\/div>\n\t\t\t\t<\/div>\n\t\t\t\t\t<\/div>\n\t\t\t\t<\/div>\n\t\t<div class=\"elementor-element elementor-element-8470fc3 e-flex e-con-boxed e-con e-parent\" data-id=\"8470fc3\" data-element_type=\"container\" data-settings=\"{&quot;background_background&quot;:&quot;classic&quot;}\">\n\t\t\t\t\t<div class=\"e-con-inner\">\n\t\t\t\t<div class=\"elementor-element elementor-element-270a9db elementor-widget elementor-widget-heading\" data-id=\"270a9db\" data-element_type=\"widget\" data-widget_type=\"heading.default\">\n\t\t\t\t<div class=\"elementor-widget-container\">\n\t\t\t<h2 class=\"elementor-heading-title elementor-size-default\">Testimonials<\/h2>\t\t<\/div>\n\t\t\t\t<\/div>\n\t\t\t\t<div class=\"elementor-element elementor-element-fcafde3 elementor-widget elementor-widget-heading\" data-id=\"fcafde3\" data-element_type=\"widget\" data-widget_type=\"heading.default\">\n\t\t\t\t<div class=\"elementor-widget-container\">\n\t\t\t<p class=\"elementor-heading-title elementor-size-default\">What our clients says<\/p>\t\t<\/div>\n\t\t\t\t<\/div>\n\t\t<div class=\"elementor-element elementor-element-8569182 e-con-full e-flex e-con e-child\" data-id=\"8569182\" data-element_type=\"container\" data-settings=\"{&quot;background_background&quot;:&quot;classic&quot;}\">\n\t\t\t\t<div class=\"elementor-element elementor-element-78b5e4f elementor-widget__width-initial elementor-absolute elementor-hidden-tablet elementor-hidden-mobile elementor-widget elementor-widget-image\" data-id=\"78b5e4f\" data-element_type=\"widget\" data-settings=\"{&quot;_position&quot;:&quot;absolute&quot;}\" data-widget_type=\"image.default\">\n\t\t\t\t<div class=\"elementor-widget-container\">\n\t\t\t\t\t\t\t\t\t\t\t\t\t<img loading=\"lazy\" decoding=\"async\" width=\"307\" height=\"313\" src=\"https:\/\/sajoniacoffee.com\/wp-content\/uploads\/2024\/10\/Byron.png\" class=\"attachment-large size-large wp-image-3372\" alt=\"\" srcset=\"https:\/\/sajoniacoffee.com\/wp-content\/uploads\/2024\/10\/Byron.png 307w, https:\/\/sajoniacoffee.com\/wp-content\/uploads\/2024\/10\/Byron-294x300.png 294w, https:\/\/sajoniacoffee.com\/wp-content\/uploads\/2024\/10\/Byron-12x12.png 12w, https:\/\/sajoniacoffee.com\/wp-content\/uploads\/2024\/10\/Byron-60x60.png 60w\" sizes=\"(max-width: 307px) 100vw, 307px\" \/>\t\t\t\t\t\t\t\t\t\t\t\t\t<\/div>\n\t\t\t\t<\/div>\n\t\t\t\t<div class=\"elementor-element elementor-element-953758a elementor-widget__width-initial elementor-hidden-desktop elementor-widget elementor-widget-image\" data-id=\"953758a\" data-element_type=\"widget\" data-widget_type=\"image.default\">\n\t\t\t\t<div class=\"elementor-widget-container\">\n\t\t\t\t\t\t\t\t\t\t\t\t\t<img loading=\"lazy\" decoding=\"async\" width=\"307\" height=\"313\" src=\"https:\/\/sajoniacoffee.com\/wp-content\/uploads\/2024\/10\/Byron.png\" class=\"attachment-large size-large wp-image-3372\" alt=\"\" srcset=\"https:\/\/sajoniacoffee.com\/wp-content\/uploads\/2024\/10\/Byron.png 307w, https:\/\/sajoniacoffee.com\/wp-content\/uploads\/2024\/10\/Byron-294x300.png 294w, https:\/\/sajoniacoffee.com\/wp-content\/uploads\/2024\/10\/Byron-12x12.png 12w, https:\/\/sajoniacoffee.com\/wp-content\/uploads\/2024\/10\/Byron-60x60.png 60w\" sizes=\"(max-width: 307px) 100vw, 307px\" \/>\t\t\t\t\t\t\t\t\t\t\t\t\t<\/div>\n\t\t\t\t<\/div>\n\t\t\t\t<div class=\"elementor-element elementor-element-90fbc1e elementor-widget__width-initial elementor-widget elementor-widget-text-editor\" data-id=\"90fbc1e\" data-element_type=\"widget\" data-widget_type=\"text-editor.default\">\n\t\t\t\t<div class=\"elementor-widget-container\">\n\t\t\t\t\t\t\t<p>\"With Sajonia, every person in the coffee supply chain is treated as an artisan, uniting to infuse passion and dedication into your morning coffee. We\u2019re not merely a business; we\u2019re a collaborative force committed to fostering a flourishing coffee industry.\"\u00a0<\/p>\t\t\t\t\t\t<\/div>\n\t\t\t\t<\/div>\n\t\t\t\t<div class=\"elementor-element elementor-element-4afe8a0 elementor-widget elementor-widget-text-editor\" data-id=\"4afe8a0\" data-element_type=\"widget\" data-widget_type=\"text-editor.default\">\n\t\t\t\t<div class=\"elementor-widget-container\">\n\t\t\t\t\t\t\t<p>Byron Corrales, <br \/>Owner of Finca Aranjuez<\/p>\t\t\t\t\t\t<\/div>\n\t\t\t\t<\/div>\n\t\t\t\t<\/div>\n\t\t\t\t\t<\/div>\n\t\t\t\t<\/div>\n\t\t\t\t<\/div>\n\t\t\n    <div class=\"xs_social_share_widget xs_share_url after_content \t\tmain_content  wslu-style-1 wslu-share-box-shaped wslu-fill-colored wslu-none wslu-share-horizontal wslu-theme-font-no wslu-main_content\">\n\n\t\t\n        <ul>\n\t\t\t        <\/ul>\n    <\/div>","protected":false},"excerpt":{"rendered":"<p>nuestros servicios Nuestros Productos Luego de ser cosechado por nuestros productores, nuestros granos contin\u00faan en su fascinante recorrido para ser procesados en nuestro beneficio. Equipado con la \u00faltima tecnolog\u00eda, nuestro beneficio garantiza el mejor cuidado a nuestro caf\u00e9 desde su secado mec\u00e1nico o al sol, hasta su meticulosa selecci\u00f3n por<\/p>","protected":false},"author":1,"featured_media":0,"parent":0,"menu_order":0,"comment_status":"closed","ping_status":"closed","template":"elementor_header_footer","meta":{"inline_featured_image":false,"footnotes":""},"class_list":["post-3328","page","type-page","status-publish","hentry"],"_links":{"self":[{"href":"https:\/\/sajoniacoffee.com\/en\/wp-json\/wp\/v2\/pages\/3328"}],"collection":[{"href":"https:\/\/sajoniacoffee.com\/en\/wp-json\/wp\/v2\/pages"}],"about":[{"href":"https:\/\/sajoniacoffee.com\/en\/wp-json\/wp\/v2\/types\/page"}],"author":[{"embeddable":true,"href":"https:\/\/sajoniacoffee.com\/en\/wp-json\/wp\/v2\/users\/1"}],"replies":[{"embeddable":true,"href":"https:\/\/sajoniacoffee.com\/en\/wp-json\/wp\/v2\/comments?post=3328"}],"version-history":[{"count":67,"href":"https:\/\/sajoniacoffee.com\/en\/wp-json\/wp\/v2\/pages\/3328\/revisions"}],"predecessor-version":[{"id":3806,"href":"https:\/\/sajoniacoffee.com\/en\/wp-json\/wp\/v2\/pages\/3328\/revisions\/3806"}],"wp:attachment":[{"href":"https:\/\/sajoniacoffee.com\/en\/wp-json\/wp\/v2\/media?parent=3328"}],"curies":[{"name":"wp","href":"https:\/\/api.w.org\/{rel}","templated":true}]}}