{"id":3246,"date":"2024-10-18T00:20:27","date_gmt":"2024-10-18T00:20:27","guid":{"rendered":"https:\/\/sajoniacoffee.com\/?page_id=3246"},"modified":"2024-11-04T22:07:42","modified_gmt":"2024-11-04T22:07:42","slug":"our-products","status":"publish","type":"page","link":"https:\/\/sajoniacoffee.com\/en\/our-products\/","title":{"rendered":"Our Products"},"content":{"rendered":"<div data-elementor-type=\"wp-page\" data-elementor-id=\"3246\" class=\"elementor elementor-3246\" data-elementor-post-type=\"page\">\n\t\t\t\t<div class=\"elementor-element elementor-element-bffd9c1 e-flex e-con-boxed e-con e-parent\" data-id=\"bffd9c1\" data-element_type=\"container\" data-settings=\"{&quot;background_background&quot;:&quot;classic&quot;}\">\n\t\t\t\t\t<div class=\"e-con-inner\">\n\t\t\t\t<div class=\"elementor-element elementor-element-f5c506b animated-fast elementor-invisible elementor-widget elementor-widget-heading\" data-id=\"f5c506b\" data-element_type=\"widget\" data-settings=\"{&quot;_animation&quot;:&quot;fadeInUp&quot;}\" data-widget_type=\"heading.default\">\n\t\t\t\t<div class=\"elementor-widget-container\">\n\t\t\t<h2 class=\"elementor-heading-title elementor-size-default\">OUR PRODUCTS<\/h2>\t\t<\/div>\n\t\t\t\t<\/div>\n\t\t\t\t\t<\/div>\n\t\t\t\t<\/div>\n\t\t<div class=\"elementor-element elementor-element-c1bb8e2 e-flex e-con-boxed e-con e-parent\" data-id=\"c1bb8e2\" data-element_type=\"container\">\n\t\t\t\t\t<div class=\"e-con-inner\">\n\t\t<div class=\"elementor-element elementor-element-0ba5009 e-con-full e-flex e-con e-child\" data-id=\"0ba5009\" data-element_type=\"container\">\n\t\t\t\t<div class=\"elementor-element elementor-element-51ebd8b elementor-absolute elementor-widget elementor-widget-image\" data-id=\"51ebd8b\" data-element_type=\"widget\" data-settings=\"{&quot;_position&quot;:&quot;absolute&quot;}\" data-widget_type=\"image.default\">\n\t\t\t\t<div class=\"elementor-widget-container\">\n\t\t\t\t\t\t\t\t\t\t\t\t\t<img fetchpriority=\"high\" decoding=\"async\" width=\"488\" height=\"544\" src=\"https:\/\/sajoniacoffee.com\/wp-content\/uploads\/2024\/10\/cafe-svg-icon.svg\" class=\"attachment-large size-large wp-image-3254\" alt=\"\" \/>\t\t\t\t\t\t\t\t\t\t\t\t\t<\/div>\n\t\t\t\t<\/div>\n\t\t\t\t<div class=\"elementor-element elementor-element-3b2869e elementor-widget elementor-widget-image\" data-id=\"3b2869e\" data-element_type=\"widget\" data-widget_type=\"image.default\">\n\t\t\t\t<div class=\"elementor-widget-container\">\n\t\t\t\t\t\t\t\t\t\t\t\t\t<img decoding=\"async\" width=\"678\" height=\"777\" src=\"https:\/\/sajoniacoffee.com\/wp-content\/uploads\/2024\/10\/Cafe-rojo-1.png\" class=\"attachment-large size-large wp-image-3253\" alt=\"Cafe rojo 1\" srcset=\"https:\/\/sajoniacoffee.com\/wp-content\/uploads\/2024\/10\/Cafe-rojo-1.png 678w, https:\/\/sajoniacoffee.com\/wp-content\/uploads\/2024\/10\/Cafe-rojo-1-262x300.png 262w\" sizes=\"(max-width: 678px) 100vw, 678px\" \/>\t\t\t\t\t\t\t\t\t\t\t\t\t<\/div>\n\t\t\t\t<\/div>\n\t\t\t\t<\/div>\n\t\t<div class=\"elementor-element elementor-element-242aa82 e-con-full e-flex e-con e-child\" data-id=\"242aa82\" data-element_type=\"container\">\n\t\t\t\t<div class=\"elementor-element elementor-element-75f650d elementor-widget elementor-widget-heading\" data-id=\"75f650d\" data-element_type=\"widget\" data-widget_type=\"heading.default\">\n\t\t\t\t<div class=\"elementor-widget-container\">\n\t\t\t<h2 class=\"elementor-heading-title elementor-size-default\">Single-Origin Coffee<\/h2>\t\t<\/div>\n\t\t\t\t<\/div>\n\t\t\t\t<div class=\"elementor-element elementor-element-06bef88 elementor-widget elementor-widget-text-editor\" data-id=\"06bef88\" data-element_type=\"widget\" data-widget_type=\"text-editor.default\">\n\t\t\t\t<div class=\"elementor-widget-container\">\n\t\t\t\t\t\t\t<span>Discover the excellence of Nicaraguan coffee<\/span>\t\t\t\t\t\t<\/div>\n\t\t\t\t<\/div>\n\t\t\t\t<div class=\"elementor-element elementor-element-f0b98fd elementor-widget elementor-widget-text-editor\" data-id=\"f0b98fd\" data-element_type=\"widget\" data-widget_type=\"text-editor.default\">\n\t\t\t\t<div class=\"elementor-widget-container\">\n\t\t\t\t\t\t\t<p>Nicaragua is celebrated worldwide for its exceptional coffee, and at Sajonia, we proudly collaborate with dedicated producers who cultivate premium beans, earning global acclaim for their unwavering commitment to crafting the finest cups.<\/p><p>The distinctive flavors of our coffee stem from a rich family legacy of coffee farming, combined with cutting-edge techniques that ensure exceptional quality at every stage. From farm to cup, we emphasize building connections that facilitate a continuous exchange of ideas, driving collective growth and improvement.<\/p>\t\t\t\t\t\t<\/div>\n\t\t\t\t<\/div>\n\t\t\t\t<\/div>\n\t\t\t\t\t<\/div>\n\t\t\t\t<\/div>\n\t\t<div class=\"elementor-element elementor-element-f1c9003 e-flex e-con-boxed e-con e-parent\" data-id=\"f1c9003\" data-element_type=\"container\">\n\t\t\t\t\t<div class=\"e-con-inner\">\n\t\t<div class=\"elementor-element elementor-element-2568667 e-con-full e-flex e-con e-child\" data-id=\"2568667\" data-element_type=\"container\" data-settings=\"{&quot;background_background&quot;:&quot;classic&quot;}\">\n\t\t<div class=\"elementor-element elementor-element-43625d8 e-grid e-con-full e-con e-child\" data-id=\"43625d8\" data-element_type=\"container\">\n\t\t<div class=\"elementor-element elementor-element-4c67c38 e-con-full e-flex e-con e-child\" data-id=\"4c67c38\" data-element_type=\"container\">\n\t\t\t\t<div class=\"elementor-element elementor-element-7d9a294 elementor-widget elementor-widget-heading\" data-id=\"7d9a294\" data-element_type=\"widget\" data-widget_type=\"heading.default\">\n\t\t\t\t<div class=\"elementor-widget-container\">\n\t\t\t<h2 class=\"elementor-heading-title elementor-size-default\">Specialty Coffees<\/h2>\t\t<\/div>\n\t\t\t\t<\/div>\n\t\t\t\t<div class=\"elementor-element elementor-element-cc320c1 elementor-widget elementor-widget-text-editor\" data-id=\"cc320c1\" data-element_type=\"widget\" data-widget_type=\"text-editor.default\">\n\t\t\t\t<div class=\"elementor-widget-container\">\n\t\t\t\t\t\t\t<p>Discover our curated collection of single-origin specialty coffees, each meticulously chosen and processed using methods like natural, washed, honey, anaerobic, and others to highlight the unique attributes our clients desire.<\/p><p>Our beans deliver exceptional and distinctive flavor profiles, honed through a meticulous process and continuous knowledge sharing. Experience a unique sensory journey with our specialty coffees, where unwavering quality and passion come together to ensure the finest cup in every sip.<\/p>\t\t\t\t\t\t<\/div>\n\t\t\t\t<\/div>\n\t\t\t\t<\/div>\n\t\t\t\t<\/div>\n\t\t\t\t<\/div>\n\t\t\t\t\t<\/div>\n\t\t\t\t<\/div>\n\t\t<div class=\"elementor-element elementor-element-48679d6 e-flex e-con-boxed e-con e-parent\" data-id=\"48679d6\" data-element_type=\"container\">\n\t\t\t\t\t<div class=\"e-con-inner\">\n\t\t<div class=\"elementor-element elementor-element-df06d8f e-con-full e-flex e-con e-child\" data-id=\"df06d8f\" data-element_type=\"container\" data-settings=\"{&quot;background_background&quot;:&quot;classic&quot;}\">\n\t\t\t\t<div class=\"elementor-element elementor-element-ec2277c elementor-widget elementor-widget-heading\" data-id=\"ec2277c\" data-element_type=\"widget\" data-widget_type=\"heading.default\">\n\t\t\t\t<div class=\"elementor-widget-container\">\n\t\t\t<h2 class=\"elementor-heading-title elementor-size-default\">Single-Farm<\/br> &amp; Custom Blends<\/h2>\t\t<\/div>\n\t\t\t\t<\/div>\n\t\t\t\t<div class=\"elementor-element elementor-element-4262772 elementor-widget elementor-widget-text-editor\" data-id=\"4262772\" data-element_type=\"widget\" data-widget_type=\"text-editor.default\">\n\t\t\t\t<div class=\"elementor-widget-container\">\n\t\t\t\t\t\t\t<p>We offer a wide variety of coffees, from single-farm options that provide complete traceability to custom blends designed to meet our clients' specific requirements.<\/p>\t\t\t\t\t\t<\/div>\n\t\t\t\t<\/div>\n\t\t\t\t<\/div>\n\t\t<div class=\"elementor-element elementor-element-64334fe e-con-full e-flex e-con e-child\" data-id=\"64334fe\" data-element_type=\"container\" data-settings=\"{&quot;background_background&quot;:&quot;classic&quot;}\">\n\t\t\t\t<div class=\"elementor-element elementor-element-f7c6c31 elementor-widget elementor-widget-heading\" data-id=\"f7c6c31\" data-element_type=\"widget\" data-widget_type=\"heading.default\">\n\t\t\t\t<div class=\"elementor-widget-container\">\n\t\t\t<h2 class=\"elementor-heading-title elementor-size-default\">Roasted Coffee<\/h2>\t\t<\/div>\n\t\t\t\t<\/div>\n\t\t\t\t<div class=\"elementor-element elementor-element-e3b9ec2 elementor-widget elementor-widget-text-editor\" data-id=\"e3b9ec2\" data-element_type=\"widget\" data-widget_type=\"text-editor.default\">\n\t\t\t\t<div class=\"elementor-widget-container\">\n\t\t\t\t\t\t\t<p>We offer our own roasted coffee brands in Nicaragua, available through some of the country\u2019s largest supermarket chains. Grand Caf\u00e9, our flagship product, stands out as one of the highest-rated commercial coffees locally. Additionally, Sajonia is equipped to supply roasted coffee to international markets, meeting the specific quality and roast requirements of our clients.<\/p>\t\t\t\t\t\t<\/div>\n\t\t\t\t<\/div>\n\t\t\t\t<\/div>\n\t\t\t\t\t<\/div>\n\t\t\t\t<\/div>\n\t\t<div class=\"elementor-element elementor-element-f57673b e-flex e-con-boxed e-con e-parent\" data-id=\"f57673b\" data-element_type=\"container\" data-settings=\"{&quot;background_background&quot;:&quot;classic&quot;}\">\n\t\t\t\t\t<div class=\"e-con-inner\">\n\t\t\t\t<div class=\"elementor-element elementor-element-3821b0f elementor-widget elementor-widget-heading\" data-id=\"3821b0f\" data-element_type=\"widget\" data-widget_type=\"heading.default\">\n\t\t\t\t<div class=\"elementor-widget-container\">\n\t\t\t<h2 class=\"elementor-heading-title elementor-size-default\">Campesinos <\/br>Coffee Collection<\/h2>\t\t<\/div>\n\t\t\t\t<\/div>\n\t\t\t\t<div class=\"elementor-element elementor-element-fa43f93 elementor-widget__width-initial elementor-widget elementor-widget-text-editor\" data-id=\"fa43f93\" data-element_type=\"widget\" data-widget_type=\"text-editor.default\">\n\t\t\t\t<div class=\"elementor-widget-container\">\n\t\t\t\t\t\t\t<span>Coffee from Small Producers in Regions with Exquisite Cup Profiles<\/span>\t\t\t\t\t\t<\/div>\n\t\t\t\t<\/div>\n\t\t\t\t\t<\/div>\n\t\t\t\t<\/div>\n\t\t<div class=\"elementor-element elementor-element-d705f62 e-flex e-con-boxed e-con e-parent\" data-id=\"d705f62\" data-element_type=\"container\">\n\t\t\t\t\t<div class=\"e-con-inner\">\n\t\t<div class=\"elementor-element elementor-element-95b658a e-grid e-con-full e-con e-child\" data-id=\"95b658a\" data-element_type=\"container\" data-settings=\"{&quot;background_background&quot;:&quot;classic&quot;}\">\n\t\t<div class=\"elementor-element elementor-element-8cd1a19 e-con-full e-flex e-con e-child\" data-id=\"8cd1a19\" data-element_type=\"container\">\n\t\t\t\t<div class=\"elementor-element elementor-element-539e84b elementor-widget elementor-widget-text-editor\" data-id=\"539e84b\" data-element_type=\"widget\" data-widget_type=\"text-editor.default\">\n\t\t\t\t<div class=\"elementor-widget-container\">\n\t\t\t\t\t\t\t<p>The Campesinos Coffee Collection is dedicated to showcasing coffee from small producers in regions with exceptional cup profiles. Our mission is to introduce these unique coffees to specialized markets, ensuring that producers receive fair prices and benefit from Sajonia\u2019s support for sustainable practices.<\/p>\t\t\t\t\t\t<\/div>\n\t\t\t\t<\/div>\n\t\t\t\t<\/div>\n\t\t<div class=\"elementor-element elementor-element-c4daa2e e-con-full e-flex e-con e-child\" data-id=\"c4daa2e\" data-element_type=\"container\">\n\t\t\t\t<div class=\"elementor-element elementor-element-8f028fe elementor-widget elementor-widget-text-editor\" data-id=\"8f028fe\" data-element_type=\"widget\" data-widget_type=\"text-editor.default\">\n\t\t\t\t<div class=\"elementor-widget-container\">\n\t\t\t\t\t\t\t<p>We collaborate with producers from five extraordinary regions: <strong>Macizo de Pe\u00f1as Blancas, Cerro El Arenal, Cerro Datanl\u00ed El Diablo, Cerro de Yal\u00ed and Cerro de Kilamb\u00e9<\/strong>. By empowering these producer families, we foster environmentally sustainable practices and improve their livelihoods. In doing so, we enhance their production systems and contribute to the preservation of their ecosystems and natural reserves.<\/p>\t\t\t\t\t\t<\/div>\n\t\t\t\t<\/div>\n\t\t\t\t<\/div>\n\t\t\t\t<\/div>\n\t\t\t\t\t<\/div>\n\t\t\t\t<\/div>\n\t\t<div class=\"elementor-element elementor-element-60dfd20 e-flex e-con-boxed e-con e-parent\" data-id=\"60dfd20\" data-element_type=\"container\" data-settings=\"{&quot;background_background&quot;:&quot;classic&quot;}\">\n\t\t\t\t\t<div class=\"e-con-inner\">\n\t\t\t\t\t<\/div>\n\t\t\t\t<\/div>\n\t\t<div class=\"elementor-element elementor-element-b299ac6 e-flex e-con-boxed e-con e-parent\" data-id=\"b299ac6\" data-element_type=\"container\">\n\t\t\t\t\t<div class=\"e-con-inner\">\n\t\t<div class=\"elementor-element elementor-element-726ee32 e-con-full e-flex e-con e-child\" data-id=\"726ee32\" data-element_type=\"container\">\n\t\t\t\t<div class=\"elementor-element elementor-element-f89016e elementor-widget elementor-widget-heading\" data-id=\"f89016e\" data-element_type=\"widget\" data-widget_type=\"heading.default\">\n\t\t\t\t<div class=\"elementor-widget-container\">\n\t\t\t<h2 class=\"elementor-heading-title elementor-size-default\">Fincas Coffee Collection<\/h2>\t\t<\/div>\n\t\t\t\t<\/div>\n\t\t\t\t<div class=\"elementor-element elementor-element-ca9f0c7 elementor-widget elementor-widget-text-editor\" data-id=\"ca9f0c7\" data-element_type=\"widget\" data-widget_type=\"text-editor.default\">\n\t\t\t\t<div class=\"elementor-widget-container\">\n\t\t\t\t\t\t\t<p>Fincas Coffee Collection is an initiative that identifies farms with the potential to produce exceptional specialty coffees, thanks to their high-altitude locations, optimal climates, and the right varieties and logistical capabilities for processing and transport.\u00a0<\/p><p>We provide selected producers and their teams with comprehensive training on managing quality coffees before and after harvest. This includes instruction on best agricultural practices, such as agroforestry systems and regenerative agriculture.<\/p><p>Moreover, participating farms receive support to promote their operations, ensure coffee traceability, and share the compelling stories of those who contribute to the production of these remarkable coffees.<\/p>\t\t\t\t\t\t<\/div>\n\t\t\t\t<\/div>\n\t\t\t\t<\/div>\n\t\t<div class=\"elementor-element elementor-element-f1bee20 e-con-full e-flex e-con e-child\" data-id=\"f1bee20\" data-element_type=\"container\" data-settings=\"{&quot;background_background&quot;:&quot;classic&quot;}\">\n\t\t\t\t<\/div>\n\t\t\t\t\t<\/div>\n\t\t\t\t<\/div>\n\t\t\t\t<\/div>\n\t\t\n    <div class=\"xs_social_share_widget xs_share_url after_content \t\tmain_content  wslu-style-1 wslu-share-box-shaped wslu-fill-colored wslu-none wslu-share-horizontal wslu-theme-font-no wslu-main_content\">\n\n\t\t\n        <ul>\n\t\t\t        <\/ul>\n    <\/div>","protected":false},"excerpt":{"rendered":"<p>nuestros productos Caf\u00e9 de origen \u00fanico. Descubre la excelencia del caf\u00e9 nicarag\u00fcense Nicaragua es reconocida por producir caf\u00e9s de calidad a nivel mundial, y en Sajonia nos enorgullece trabajar con productores que se esfuerzan por cosechar granos de caf\u00e9 de alta calidad que han sido reconocidos internacionalmente por su dedicaci\u00f3n<\/p>","protected":false},"author":1,"featured_media":0,"parent":0,"menu_order":0,"comment_status":"closed","ping_status":"closed","template":"elementor_header_footer","meta":{"inline_featured_image":false,"footnotes":""},"class_list":["post-3246","page","type-page","status-publish","hentry"],"_links":{"self":[{"href":"https:\/\/sajoniacoffee.com\/en\/wp-json\/wp\/v2\/pages\/3246"}],"collection":[{"href":"https:\/\/sajoniacoffee.com\/en\/wp-json\/wp\/v2\/pages"}],"about":[{"href":"https:\/\/sajoniacoffee.com\/en\/wp-json\/wp\/v2\/types\/page"}],"author":[{"embeddable":true,"href":"https:\/\/sajoniacoffee.com\/en\/wp-json\/wp\/v2\/users\/1"}],"replies":[{"embeddable":true,"href":"https:\/\/sajoniacoffee.com\/en\/wp-json\/wp\/v2\/comments?post=3246"}],"version-history":[{"count":94,"href":"https:\/\/sajoniacoffee.com\/en\/wp-json\/wp\/v2\/pages\/3246\/revisions"}],"predecessor-version":[{"id":3917,"href":"https:\/\/sajoniacoffee.com\/en\/wp-json\/wp\/v2\/pages\/3246\/revisions\/3917"}],"wp:attachment":[{"href":"https:\/\/sajoniacoffee.com\/en\/wp-json\/wp\/v2\/media?parent=3246"}],"curies":[{"name":"wp","href":"https:\/\/api.w.org\/{rel}","templated":true}]}}