{"id":2084,"date":"2022-07-10T10:23:13","date_gmt":"2022-07-10T10:23:13","guid":{"rendered":"http:\/\/tplabs.co\/agrios\/?page_id=2084"},"modified":"2025-07-29T21:19:01","modified_gmt":"2025-07-29T21:19:01","slug":"blog","status":"publish","type":"page","link":"https:\/\/sajoniacoffee.com\/en\/blog\/","title":{"rendered":"Blog"},"content":{"rendered":"<div data-elementor-type=\"wp-page\" data-elementor-id=\"2084\" class=\"elementor elementor-2084\" data-elementor-post-type=\"page\">\n\t\t\t\t<div class=\"elementor-element elementor-element-7783e8d e-flex e-con-boxed e-con e-parent\" data-id=\"7783e8d\" data-element_type=\"container\" data-settings=\"{&quot;background_background&quot;:&quot;classic&quot;}\">\n\t\t\t\t\t<div class=\"e-con-inner\">\n\t\t\t\t<div class=\"elementor-element elementor-element-479c380 animated-fast elementor-invisible elementor-widget elementor-widget-heading\" data-id=\"479c380\" data-element_type=\"widget\" data-settings=\"{&quot;_animation&quot;:&quot;fadeInUp&quot;}\" data-widget_type=\"heading.default\">\n\t\t\t\t<div class=\"elementor-widget-container\">\n\t\t\t<h2 class=\"elementor-heading-title elementor-size-default\">blog<\/h2>\t\t<\/div>\n\t\t\t\t<\/div>\n\t\t\t\t\t<\/div>\n\t\t\t\t<\/div>\n\t\t<div class=\"elementor-element elementor-element-b290bd7 e-flex e-con-boxed e-con e-parent\" data-id=\"b290bd7\" data-element_type=\"container\">\n\t\t\t\t\t<div class=\"e-con-inner\">\n\t\t\t\t<div class=\"elementor-element elementor-element-25b6cb4 elementor-grid-3 elementor-grid-tablet-2 elementor-grid-mobile-1 elementor-posts--thumbnail-top elementor-card-shadow-yes elementor-posts__hover-gradient elementor-widget elementor-widget-posts\" data-id=\"25b6cb4\" data-element_type=\"widget\" data-settings=\"{&quot;pagination_type&quot;:&quot;numbers_and_prev_next&quot;,&quot;cards_columns&quot;:&quot;3&quot;,&quot;cards_columns_tablet&quot;:&quot;2&quot;,&quot;cards_columns_mobile&quot;:&quot;1&quot;,&quot;cards_row_gap&quot;:{&quot;unit&quot;:&quot;px&quot;,&quot;size&quot;:35,&quot;sizes&quot;:[]},&quot;cards_row_gap_tablet&quot;:{&quot;unit&quot;:&quot;px&quot;,&quot;size&quot;:&quot;&quot;,&quot;sizes&quot;:[]},&quot;cards_row_gap_mobile&quot;:{&quot;unit&quot;:&quot;px&quot;,&quot;size&quot;:&quot;&quot;,&quot;sizes&quot;:[]}}\" data-widget_type=\"posts.cards\">\n\t\t\t\t<div class=\"elementor-widget-container\">\n\t\t\t\t\t<div class=\"elementor-posts-container elementor-posts elementor-posts--skin-cards elementor-grid\">\n\t\t\t\t<article class=\"elementor-post elementor-grid-item post-4040 post type-post status-publish format-standard has-post-thumbnail hentry category-uncategorized\">\n\t\t\t<div class=\"elementor-post__card\">\n\t\t\t\t<a class=\"elementor-post__thumbnail__link\" href=\"https:\/\/sajoniacoffee.com\/en\/blog\/2025\/08\/27\/premiacion-illy-caffe-wiwili-illy-caffe-wiwili-award-ceremony\/\" tabindex=\"-1\" ><div class=\"elementor-post__thumbnail\"><img fetchpriority=\"high\" decoding=\"async\" width=\"300\" height=\"179\" src=\"https:\/\/sajoniacoffee.com\/wp-content\/uploads\/2025\/08\/WhatsApp-Image-2025-08-27-at-1.20.12-PM-e1756322620638-300x179.jpeg\" class=\"attachment-medium size-medium wp-image-4041\" alt=\"\" srcset=\"https:\/\/sajoniacoffee.com\/wp-content\/uploads\/2025\/08\/WhatsApp-Image-2025-08-27-at-1.20.12-PM-e1756322620638-300x179.jpeg 300w, https:\/\/sajoniacoffee.com\/wp-content\/uploads\/2025\/08\/WhatsApp-Image-2025-08-27-at-1.20.12-PM-e1756322620638-1024x610.jpeg 1024w, https:\/\/sajoniacoffee.com\/wp-content\/uploads\/2025\/08\/WhatsApp-Image-2025-08-27-at-1.20.12-PM-e1756322620638-768x458.jpeg 768w, https:\/\/sajoniacoffee.com\/wp-content\/uploads\/2025\/08\/WhatsApp-Image-2025-08-27-at-1.20.12-PM-e1756322620638-18x12.jpeg 18w, https:\/\/sajoniacoffee.com\/wp-content\/uploads\/2025\/08\/WhatsApp-Image-2025-08-27-at-1.20.12-PM-e1756322620638.jpeg 1280w\" sizes=\"(max-width: 300px) 100vw, 300px\" \/><\/div><\/a>\n\t\t\t\t<div class=\"elementor-post__badge\">Uncategorized<\/div>\n\t\t\t\t<div class=\"elementor-post__text\">\n\t\t\t\t<h3 class=\"elementor-post__title\">\n\t\t\t<a href=\"https:\/\/sajoniacoffee.com\/en\/blog\/2025\/08\/27\/premiacion-illy-caffe-wiwili-illy-caffe-wiwili-award-ceremony\/\" >\n\t\t\t\tPremiaci\u00f3n Illy Caff\u00e9 Wiwili, Illy Caff\u00e9 Wiwili Award Ceremony\t\t\t<\/a>\n\t\t<\/h3>\n\t\t\n\t\t<a class=\"elementor-post__read-more\" href=\"https:\/\/sajoniacoffee.com\/en\/blog\/2025\/08\/27\/premiacion-illy-caffe-wiwili-illy-caffe-wiwili-award-ceremony\/\" aria-label=\"Read more about Premiaci\u00f3n Illy Caff\u00e9 Wiwili, Illy Caff\u00e9 Wiwili Award Ceremony\" tabindex=\"-1\" >\n\t\t\tRead More\t\t<\/a>\n\n\t\t\t\t<\/div>\n\t\t\t\t<div class=\"elementor-post__meta-data\">\n\t\t\t\t\t<span class=\"elementor-post-date\">\n\t\t\tAugust 27, 2025\t\t<\/span>\n\t\t\t\t<span class=\"elementor-post-avatar\">\n\t\t\tNo Comments\t\t<\/span>\n\t\t\t\t<\/div>\n\t\t\t\t\t<\/div>\n\t\t<\/article>\n\t\t\t\t<article class=\"elementor-post elementor-grid-item post-4030 post type-post status-publish format-standard has-post-thumbnail hentry category-uncategorized\">\n\t\t\t<div class=\"elementor-post__card\">\n\t\t\t\t<a class=\"elementor-post__thumbnail__link\" href=\"https:\/\/sajoniacoffee.com\/en\/blog\/2025\/08\/27\/evento-de-premiacion-a-productores-cluster-aaa-nespresso-matagalpa-award-ceremony-for-producers-in-the-nespresso-matagalpa-aaa-cluster\/\" tabindex=\"-1\" ><div class=\"elementor-post__thumbnail\"><img decoding=\"async\" width=\"300\" height=\"141\" src=\"https:\/\/sajoniacoffee.com\/wp-content\/uploads\/2025\/08\/Foto-grupal-AAA-Nespresso-1-e1756322905838-300x141.jpeg\" class=\"attachment-medium size-medium wp-image-4043\" alt=\"\" srcset=\"https:\/\/sajoniacoffee.com\/wp-content\/uploads\/2025\/08\/Foto-grupal-AAA-Nespresso-1-e1756322905838-300x141.jpeg 300w, https:\/\/sajoniacoffee.com\/wp-content\/uploads\/2025\/08\/Foto-grupal-AAA-Nespresso-1-e1756322905838-1024x483.jpeg 1024w, https:\/\/sajoniacoffee.com\/wp-content\/uploads\/2025\/08\/Foto-grupal-AAA-Nespresso-1-e1756322905838-768x362.jpeg 768w, https:\/\/sajoniacoffee.com\/wp-content\/uploads\/2025\/08\/Foto-grupal-AAA-Nespresso-1-e1756322905838-1536x724.jpeg 1536w, https:\/\/sajoniacoffee.com\/wp-content\/uploads\/2025\/08\/Foto-grupal-AAA-Nespresso-1-e1756322905838-18x8.jpeg 18w, https:\/\/sajoniacoffee.com\/wp-content\/uploads\/2025\/08\/Foto-grupal-AAA-Nespresso-1-e1756322905838.jpeg 1600w\" sizes=\"(max-width: 300px) 100vw, 300px\" \/><\/div><\/a>\n\t\t\t\t<div class=\"elementor-post__badge\">Uncategorized<\/div>\n\t\t\t\t<div class=\"elementor-post__text\">\n\t\t\t\t<h3 class=\"elementor-post__title\">\n\t\t\t<a href=\"https:\/\/sajoniacoffee.com\/en\/blog\/2025\/08\/27\/evento-de-premiacion-a-productores-cluster-aaa-nespresso-matagalpa-award-ceremony-for-producers-in-the-nespresso-matagalpa-aaa-cluster\/\" >\n\t\t\t\tEvento de premiaci\u00f3n a productores cl\u00faster AAA Nespresso Matagalpa. Award ceremony for producers in the Nespresso Matagalpa AAA cluster.\t\t\t<\/a>\n\t\t<\/h3>\n\t\t\n\t\t<a class=\"elementor-post__read-more\" href=\"https:\/\/sajoniacoffee.com\/en\/blog\/2025\/08\/27\/evento-de-premiacion-a-productores-cluster-aaa-nespresso-matagalpa-award-ceremony-for-producers-in-the-nespresso-matagalpa-aaa-cluster\/\" aria-label=\"Read more about Evento de premiaci\u00f3n a productores cl\u00faster AAA Nespresso Matagalpa. Award ceremony for producers in the Nespresso Matagalpa AAA cluster.\" tabindex=\"-1\" >\n\t\t\tRead More\t\t<\/a>\n\n\t\t\t\t<\/div>\n\t\t\t\t<div class=\"elementor-post__meta-data\">\n\t\t\t\t\t<span class=\"elementor-post-date\">\n\t\t\tAugust 27, 2025\t\t<\/span>\n\t\t\t\t<span class=\"elementor-post-avatar\">\n\t\t\tNo Comments\t\t<\/span>\n\t\t\t\t<\/div>\n\t\t\t\t\t<\/div>\n\t\t<\/article>\n\t\t\t\t<article class=\"elementor-post elementor-grid-item post-4012 post type-post status-publish format-standard has-post-thumbnail hentry category-uncategorized\">\n\t\t\t<div class=\"elementor-post__card\">\n\t\t\t\t<a class=\"elementor-post__thumbnail__link\" href=\"https:\/\/sajoniacoffee.com\/en\/blog\/2025\/08\/01\/finca-los-pocitos-descubre-la-belleza-de-nuestra-finca-de-cafe-y-cacao\/\" tabindex=\"-1\" ><div class=\"elementor-post__thumbnail\"><img decoding=\"async\" width=\"300\" height=\"171\" src=\"https:\/\/sajoniacoffee.com\/wp-content\/uploads\/2025\/08\/Captura-de-pantalla-2025-08-01-150338-300x171.png\" class=\"attachment-medium size-medium wp-image-4014\" alt=\"\" srcset=\"https:\/\/sajoniacoffee.com\/wp-content\/uploads\/2025\/08\/Captura-de-pantalla-2025-08-01-150338-300x171.png 300w, https:\/\/sajoniacoffee.com\/wp-content\/uploads\/2025\/08\/Captura-de-pantalla-2025-08-01-150338-1024x583.png 1024w, https:\/\/sajoniacoffee.com\/wp-content\/uploads\/2025\/08\/Captura-de-pantalla-2025-08-01-150338-768x437.png 768w, https:\/\/sajoniacoffee.com\/wp-content\/uploads\/2025\/08\/Captura-de-pantalla-2025-08-01-150338-18x10.png 18w, https:\/\/sajoniacoffee.com\/wp-content\/uploads\/2025\/08\/Captura-de-pantalla-2025-08-01-150338.png 1061w\" sizes=\"(max-width: 300px) 100vw, 300px\" \/><\/div><\/a>\n\t\t\t\t<div class=\"elementor-post__badge\">Uncategorized<\/div>\n\t\t\t\t<div class=\"elementor-post__text\">\n\t\t\t\t<h3 class=\"elementor-post__title\">\n\t\t\t<a href=\"https:\/\/sajoniacoffee.com\/en\/blog\/2025\/08\/01\/finca-los-pocitos-descubre-la-belleza-de-nuestra-finca-de-cafe-y-cacao\/\" >\n\t\t\t\tFinca Los Pocitos \u201cDescubre la belleza de nuestra finca de caf\u00e9 y cacao\u201d Los Pocitos farm Discover the beauty of our coffee and cocoa farm\u201d\t\t\t<\/a>\n\t\t<\/h3>\n\t\t\n\t\t<a class=\"elementor-post__read-more\" href=\"https:\/\/sajoniacoffee.com\/en\/blog\/2025\/08\/01\/finca-los-pocitos-descubre-la-belleza-de-nuestra-finca-de-cafe-y-cacao\/\" aria-label=\"Read more about Finca Los Pocitos \u201cDescubre la belleza de nuestra finca de caf\u00e9 y cacao\u201d Los Pocitos farm Discover the beauty of our coffee and cocoa farm\u201d\" tabindex=\"-1\" >\n\t\t\tRead More\t\t<\/a>\n\n\t\t\t\t<\/div>\n\t\t\t\t<div class=\"elementor-post__meta-data\">\n\t\t\t\t\t<span class=\"elementor-post-date\">\n\t\t\tAugust 1, 2025\t\t<\/span>\n\t\t\t\t<span class=\"elementor-post-avatar\">\n\t\t\tNo Comments\t\t<\/span>\n\t\t\t\t<\/div>\n\t\t\t\t\t<\/div>\n\t\t<\/article>\n\t\t\t\t<article class=\"elementor-post elementor-grid-item post-3998 post type-post status-publish format-standard has-post-thumbnail hentry category-uncategorized\">\n\t\t\t<div class=\"elementor-post__card\">\n\t\t\t\t<a class=\"elementor-post__thumbnail__link\" href=\"https:\/\/sajoniacoffee.com\/en\/blog\/2025\/07\/29\/sajonia-presents-illy-caffe-awards-to-producers-in-wiwili\/\" tabindex=\"-1\" ><div class=\"elementor-post__thumbnail\"><img loading=\"lazy\" decoding=\"async\" width=\"300\" height=\"134\" src=\"https:\/\/sajoniacoffee.com\/wp-content\/uploads\/2025\/07\/Captura-de-pantalla-2025-07-28-171749-1-300x134.png\" class=\"attachment-medium size-medium wp-image-3999\" alt=\"\" srcset=\"https:\/\/sajoniacoffee.com\/wp-content\/uploads\/2025\/07\/Captura-de-pantalla-2025-07-28-171749-1-300x134.png 300w, https:\/\/sajoniacoffee.com\/wp-content\/uploads\/2025\/07\/Captura-de-pantalla-2025-07-28-171749-1-1024x458.png 1024w, https:\/\/sajoniacoffee.com\/wp-content\/uploads\/2025\/07\/Captura-de-pantalla-2025-07-28-171749-1-768x344.png 768w, https:\/\/sajoniacoffee.com\/wp-content\/uploads\/2025\/07\/Captura-de-pantalla-2025-07-28-171749-1-18x8.png 18w, https:\/\/sajoniacoffee.com\/wp-content\/uploads\/2025\/07\/Captura-de-pantalla-2025-07-28-171749-1-1170x520.png 1170w, https:\/\/sajoniacoffee.com\/wp-content\/uploads\/2025\/07\/Captura-de-pantalla-2025-07-28-171749-1.png 1216w\" sizes=\"(max-width: 300px) 100vw, 300px\" \/><\/div><\/a>\n\t\t\t\t<div class=\"elementor-post__badge\">Uncategorized<\/div>\n\t\t\t\t<div class=\"elementor-post__text\">\n\t\t\t\t<h3 class=\"elementor-post__title\">\n\t\t\t<a href=\"https:\/\/sajoniacoffee.com\/en\/blog\/2025\/07\/29\/sajonia-presents-illy-caffe-awards-to-producers-in-wiwili\/\" >\n\t\t\t\tSajonia presents Illy Caff\u00e8 awards to producers in Wiwili &#8211; Sajonia entrega premios Illy Caff\u00e8 a productores de Wiwili\t\t\t<\/a>\n\t\t<\/h3>\n\t\t\n\t\t<a class=\"elementor-post__read-more\" href=\"https:\/\/sajoniacoffee.com\/en\/blog\/2025\/07\/29\/sajonia-presents-illy-caffe-awards-to-producers-in-wiwili\/\" aria-label=\"Read more about Sajonia presents Illy Caff\u00e8 awards to producers in Wiwili &#8211; Sajonia entrega premios Illy Caff\u00e8 a productores de Wiwili\" tabindex=\"-1\" >\n\t\t\tRead More\t\t<\/a>\n\n\t\t\t\t<\/div>\n\t\t\t\t<div class=\"elementor-post__meta-data\">\n\t\t\t\t\t<span class=\"elementor-post-date\">\n\t\t\tJuly 29, 2025\t\t<\/span>\n\t\t\t\t<span class=\"elementor-post-avatar\">\n\t\t\tNo Comments\t\t<\/span>\n\t\t\t\t<\/div>\n\t\t\t\t\t<\/div>\n\t\t<\/article>\n\t\t\t\t<article class=\"elementor-post elementor-grid-item post-3967 post type-post status-publish format-standard has-post-thumbnail hentry category-uncategorized\">\n\t\t\t<div class=\"elementor-post__card\">\n\t\t\t\t<a class=\"elementor-post__thumbnail__link\" href=\"https:\/\/sajoniacoffee.com\/en\/blog\/2025\/07\/04\/equipo-tecnico-fortalece-conocimientos-en-el-estandar-de-agricultura-sostenible-de-rainforest-alliance\/\" tabindex=\"-1\" ><div class=\"elementor-post__thumbnail\"><img loading=\"lazy\" decoding=\"async\" width=\"300\" height=\"169\" src=\"https:\/\/sajoniacoffee.com\/wp-content\/uploads\/2025\/07\/WhatsApp-Image-2025-07-03-at-9.14.58-AM-300x169.jpeg\" class=\"attachment-medium size-medium wp-image-3972\" alt=\"foto principal\" srcset=\"https:\/\/sajoniacoffee.com\/wp-content\/uploads\/2025\/07\/WhatsApp-Image-2025-07-03-at-9.14.58-AM-300x169.jpeg 300w, https:\/\/sajoniacoffee.com\/wp-content\/uploads\/2025\/07\/WhatsApp-Image-2025-07-03-at-9.14.58-AM-1024x576.jpeg 1024w, https:\/\/sajoniacoffee.com\/wp-content\/uploads\/2025\/07\/WhatsApp-Image-2025-07-03-at-9.14.58-AM-768x432.jpeg 768w, https:\/\/sajoniacoffee.com\/wp-content\/uploads\/2025\/07\/WhatsApp-Image-2025-07-03-at-9.14.58-AM-1536x864.jpeg 1536w, https:\/\/sajoniacoffee.com\/wp-content\/uploads\/2025\/07\/WhatsApp-Image-2025-07-03-at-9.14.58-AM-18x10.jpeg 18w, https:\/\/sajoniacoffee.com\/wp-content\/uploads\/2025\/07\/WhatsApp-Image-2025-07-03-at-9.14.58-AM.jpeg 1600w\" sizes=\"(max-width: 300px) 100vw, 300px\" \/><\/div><\/a>\n\t\t\t\t<div class=\"elementor-post__badge\">Uncategorized<\/div>\n\t\t\t\t<div class=\"elementor-post__text\">\n\t\t\t\t<h3 class=\"elementor-post__title\">\n\t\t\t<a href=\"https:\/\/sajoniacoffee.com\/en\/blog\/2025\/07\/04\/equipo-tecnico-fortalece-conocimientos-en-el-estandar-de-agricultura-sostenible-de-rainforest-alliance\/\" >\n\t\t\t\tEquipo t\u00e9cnico fortalece conocimientos en el est\u00e1ndar de agricultura sostenible de Rainforest Alliance\t\t\t<\/a>\n\t\t<\/h3>\n\t\t\n\t\t<a class=\"elementor-post__read-more\" href=\"https:\/\/sajoniacoffee.com\/en\/blog\/2025\/07\/04\/equipo-tecnico-fortalece-conocimientos-en-el-estandar-de-agricultura-sostenible-de-rainforest-alliance\/\" aria-label=\"Read more about Equipo t\u00e9cnico fortalece conocimientos en el est\u00e1ndar de agricultura sostenible de Rainforest Alliance\" tabindex=\"-1\" >\n\t\t\tRead More\t\t<\/a>\n\n\t\t\t\t<\/div>\n\t\t\t\t<div class=\"elementor-post__meta-data\">\n\t\t\t\t\t<span class=\"elementor-post-date\">\n\t\t\tJuly 4, 2025\t\t<\/span>\n\t\t\t\t<span class=\"elementor-post-avatar\">\n\t\t\tNo Comments\t\t<\/span>\n\t\t\t\t<\/div>\n\t\t\t\t\t<\/div>\n\t\t<\/article>\n\t\t\t\t<article class=\"elementor-post elementor-grid-item post-3931 post type-post status-publish format-standard has-post-thumbnail hentry category-uncategorized\">\n\t\t\t<div class=\"elementor-post__card\">\n\t\t\t\t<a class=\"elementor-post__thumbnail__link\" href=\"https:\/\/sajoniacoffee.com\/en\/blog\/2024\/11\/08\/lanzamos-la-primera-competencia-de-golden-attribute\/\" tabindex=\"-1\" ><div class=\"elementor-post__thumbnail\"><img loading=\"lazy\" decoding=\"async\" width=\"300\" height=\"200\" src=\"https:\/\/sajoniacoffee.com\/wp-content\/uploads\/2024\/11\/blog-banner-300x200.jpeg\" class=\"attachment-medium size-medium wp-image-3932\" alt=\"\" srcset=\"https:\/\/sajoniacoffee.com\/wp-content\/uploads\/2024\/11\/blog-banner-300x200.jpeg 300w, https:\/\/sajoniacoffee.com\/wp-content\/uploads\/2024\/11\/blog-banner-1024x682.jpeg 1024w, https:\/\/sajoniacoffee.com\/wp-content\/uploads\/2024\/11\/blog-banner-768x512.jpeg 768w, https:\/\/sajoniacoffee.com\/wp-content\/uploads\/2024\/11\/blog-banner-18x12.jpeg 18w, https:\/\/sajoniacoffee.com\/wp-content\/uploads\/2024\/11\/blog-banner.jpeg 1280w\" sizes=\"(max-width: 300px) 100vw, 300px\" \/><\/div><\/a>\n\t\t\t\t<div class=\"elementor-post__badge\">Uncategorized<\/div>\n\t\t\t\t<div class=\"elementor-post__text\">\n\t\t\t\t<h3 class=\"elementor-post__title\">\n\t\t\t<a href=\"https:\/\/sajoniacoffee.com\/en\/blog\/2024\/11\/08\/lanzamos-la-primera-competencia-de-golden-attribute\/\" >\n\t\t\t\t\u00a1Lanzamos la primera Competencia de Golden Attribute!\t\t\t<\/a>\n\t\t<\/h3>\n\t\t\n\t\t<a class=\"elementor-post__read-more\" href=\"https:\/\/sajoniacoffee.com\/en\/blog\/2024\/11\/08\/lanzamos-la-primera-competencia-de-golden-attribute\/\" aria-label=\"Read more about \u00a1Lanzamos la primera Competencia de Golden Attribute!\" tabindex=\"-1\" >\n\t\t\tRead More\t\t<\/a>\n\n\t\t\t\t<\/div>\n\t\t\t\t<div class=\"elementor-post__meta-data\">\n\t\t\t\t\t<span class=\"elementor-post-date\">\n\t\t\tNovember 8, 2024\t\t<\/span>\n\t\t\t\t<span class=\"elementor-post-avatar\">\n\t\t\tNo Comments\t\t<\/span>\n\t\t\t\t<\/div>\n\t\t\t\t\t<\/div>\n\t\t<\/article>\n\t\t\t\t<\/div>\n\t\t\n\t\t\t\t<\/div>\n\t\t\t\t<\/div>\n\t\t\t\t\t<\/div>\n\t\t\t\t<\/div>\n\t\t<div class=\"elementor-element elementor-element-3132490 e-flex e-con-boxed e-con e-parent\" data-id=\"3132490\" data-element_type=\"container\" data-settings=\"{&quot;background_background&quot;:&quot;classic&quot;}\">\n\t\t\t\t\t<div class=\"e-con-inner\">\n\t\t\t\t<div class=\"elementor-element elementor-element-4b7af95 elementor-widget elementor-widget-heading\" data-id=\"4b7af95\" data-element_type=\"widget\" data-widget_type=\"heading.default\">\n\t\t\t\t<div class=\"elementor-widget-container\">\n\t\t\t<h2 class=\"elementor-heading-title elementor-size-default\">Testimonials<\/h2>\t\t<\/div>\n\t\t\t\t<\/div>\n\t\t\t\t<div class=\"elementor-element elementor-element-ec3b452 elementor-widget elementor-widget-heading\" data-id=\"ec3b452\" data-element_type=\"widget\" data-widget_type=\"heading.default\">\n\t\t\t\t<div class=\"elementor-widget-container\">\n\t\t\t<p class=\"elementor-heading-title elementor-size-default\">What our clients says<\/p>\t\t<\/div>\n\t\t\t\t<\/div>\n\t\t<div class=\"elementor-element elementor-element-f1827ea e-con-full e-flex e-con e-child\" data-id=\"f1827ea\" data-element_type=\"container\" data-settings=\"{&quot;background_background&quot;:&quot;classic&quot;}\">\n\t\t\t\t<div class=\"elementor-element elementor-element-f62dfbd elementor-widget__width-initial elementor-absolute elementor-hidden-tablet elementor-hidden-mobile elementor-widget elementor-widget-image\" data-id=\"f62dfbd\" data-element_type=\"widget\" data-settings=\"{&quot;_position&quot;:&quot;absolute&quot;}\" data-widget_type=\"image.default\">\n\t\t\t\t<div class=\"elementor-widget-container\">\n\t\t\t\t\t\t\t\t\t\t\t\t\t<img loading=\"lazy\" decoding=\"async\" width=\"307\" height=\"313\" src=\"https:\/\/sajoniacoffee.com\/wp-content\/uploads\/2024\/10\/Byron.png\" class=\"attachment-large size-large wp-image-3372\" alt=\"\" srcset=\"https:\/\/sajoniacoffee.com\/wp-content\/uploads\/2024\/10\/Byron.png 307w, https:\/\/sajoniacoffee.com\/wp-content\/uploads\/2024\/10\/Byron-294x300.png 294w, https:\/\/sajoniacoffee.com\/wp-content\/uploads\/2024\/10\/Byron-12x12.png 12w, https:\/\/sajoniacoffee.com\/wp-content\/uploads\/2024\/10\/Byron-60x60.png 60w\" sizes=\"(max-width: 307px) 100vw, 307px\" \/>\t\t\t\t\t\t\t\t\t\t\t\t\t<\/div>\n\t\t\t\t<\/div>\n\t\t\t\t<div class=\"elementor-element elementor-element-13b0422 elementor-widget__width-initial elementor-hidden-desktop elementor-widget elementor-widget-image\" data-id=\"13b0422\" data-element_type=\"widget\" data-widget_type=\"image.default\">\n\t\t\t\t<div class=\"elementor-widget-container\">\n\t\t\t\t\t\t\t\t\t\t\t\t\t<img loading=\"lazy\" decoding=\"async\" width=\"307\" height=\"313\" src=\"https:\/\/sajoniacoffee.com\/wp-content\/uploads\/2024\/10\/Byron.png\" class=\"attachment-large size-large wp-image-3372\" alt=\"\" srcset=\"https:\/\/sajoniacoffee.com\/wp-content\/uploads\/2024\/10\/Byron.png 307w, https:\/\/sajoniacoffee.com\/wp-content\/uploads\/2024\/10\/Byron-294x300.png 294w, https:\/\/sajoniacoffee.com\/wp-content\/uploads\/2024\/10\/Byron-12x12.png 12w, https:\/\/sajoniacoffee.com\/wp-content\/uploads\/2024\/10\/Byron-60x60.png 60w\" sizes=\"(max-width: 307px) 100vw, 307px\" \/>\t\t\t\t\t\t\t\t\t\t\t\t\t<\/div>\n\t\t\t\t<\/div>\n\t\t\t\t<div class=\"elementor-element elementor-element-f957043 elementor-widget__width-initial elementor-widget elementor-widget-text-editor\" data-id=\"f957043\" data-element_type=\"widget\" data-widget_type=\"text-editor.default\">\n\t\t\t\t<div class=\"elementor-widget-container\">\n\t\t\t\t\t\t\t<p>\"With Sajonia, every person in the coffee supply chain is treated as an artisan, uniting to infuse passion and dedication into your morning coffee. We\u2019re not merely a business; we\u2019re a collaborative force committed to fostering a flourishing coffee industry.\"\u00a0<\/p>\t\t\t\t\t\t<\/div>\n\t\t\t\t<\/div>\n\t\t\t\t<div class=\"elementor-element elementor-element-51abcf7 elementor-widget elementor-widget-text-editor\" data-id=\"51abcf7\" data-element_type=\"widget\" data-widget_type=\"text-editor.default\">\n\t\t\t\t<div class=\"elementor-widget-container\">\n\t\t\t\t\t\t\t<p>Byron Corrales, <br \/>Owner of Finca Aranjuez<\/p>\t\t\t\t\t\t<\/div>\n\t\t\t\t<\/div>\n\t\t\t\t<\/div>\n\t\t\t\t\t<\/div>\n\t\t\t\t<\/div>\n\t\t\t\t<\/div>\n\t\t\n    <div class=\"xs_social_share_widget xs_share_url after_content \t\tmain_content  wslu-style-1 wslu-share-box-shaped wslu-fill-colored wslu-none wslu-share-horizontal wslu-theme-font-no wslu-main_content\">\n\n\t\t\n        <ul>\n\t\t\t        <\/ul>\n    <\/div>","protected":false},"excerpt":{"rendered":"<p>blog Testimoniales Que dicen nuestros clientes \u201cNo somos solo un rubro, somos un conjunto de manos unidas que hacen posible tu caf\u00e9 cada ma\u00f1ana. Con Sajonia, cada miembro de la cadena es considerado un artesano que trabaja con pasi\u00f3n y compromiso para una caficultura m\u00e1s pr\u00f3spera.\u201d\u00a0 Byron Corrales, Productor y<\/p>","protected":false},"author":1,"featured_media":0,"parent":0,"menu_order":0,"comment_status":"closed","ping_status":"closed","template":"elementor_header_footer","meta":{"inline_featured_image":false,"footnotes":""},"class_list":["post-2084","page","type-page","status-publish","hentry"],"_links":{"self":[{"href":"https:\/\/sajoniacoffee.com\/en\/wp-json\/wp\/v2\/pages\/2084"}],"collection":[{"href":"https:\/\/sajoniacoffee.com\/en\/wp-json\/wp\/v2\/pages"}],"about":[{"href":"https:\/\/sajoniacoffee.com\/en\/wp-json\/wp\/v2\/types\/page"}],"author":[{"embeddable":true,"href":"https:\/\/sajoniacoffee.com\/en\/wp-json\/wp\/v2\/users\/1"}],"replies":[{"embeddable":true,"href":"https:\/\/sajoniacoffee.com\/en\/wp-json\/wp\/v2\/comments?post=2084"}],"version-history":[{"count":71,"href":"https:\/\/sajoniacoffee.com\/en\/wp-json\/wp\/v2\/pages\/2084\/revisions"}],"predecessor-version":[{"id":4010,"href":"https:\/\/sajoniacoffee.com\/en\/wp-json\/wp\/v2\/pages\/2084\/revisions\/4010"}],"wp:attachment":[{"href":"https:\/\/sajoniacoffee.com\/en\/wp-json\/wp\/v2\/media?parent=2084"}],"curies":[{"name":"wp","href":"https:\/\/api.w.org\/{rel}","templated":true}]}}